{"id":492,"date":"2022-04-19T13:57:05","date_gmt":"2022-04-19T11:57:05","guid":{"rendered":"https:\/\/borntofly.com.pl\/ueber-mich\/"},"modified":"2024-09-06T14:38:30","modified_gmt":"2024-09-06T12:38:30","slug":"ueber-mich","status":"publish","type":"page","link":"https:\/\/borntofly.com.pl\/de\/ueber-mich\/","title":{"rendered":"\u00dcber Born to Fly"},"content":{"rendered":"\t\t<div data-elementor-type=\"wp-page\" data-elementor-id=\"492\" class=\"elementor elementor-492 elementor-69\">\n\t\t\t\t\t\t\t\t\t<section class=\"elementor-section elementor-top-section elementor-element elementor-element-8776cb4 elementor-section-boxed elementor-section-height-default elementor-section-height-default\" data-id=\"8776cb4\" data-element_type=\"section\">\n\t\t\t\t\t\t<div class=\"elementor-container elementor-column-gap-default\">\n\t\t\t\t\t<div class=\"elementor-column elementor-col-50 elementor-top-column elementor-element elementor-element-8dfc8df\" data-id=\"8dfc8df\" data-element_type=\"column\">\n\t\t\t<div class=\"elementor-widget-wrap elementor-element-populated\">\n\t\t\t\t\t\t\t\t<div class=\"elementor-element elementor-element-742d0cf elementor-widget elementor-widget-text-editor\" data-id=\"742d0cf\" data-element_type=\"widget\" data-widget_type=\"text-editor.default\">\n\t\t\t\t<div class=\"elementor-widget-container\">\n\t\t\t<style>\/*! elementor - v3.7.8 - 02-10-2022 *\/\n.elementor-widget-text-editor.elementor-drop-cap-view-stacked .elementor-drop-cap{background-color:#818a91;color:#fff}.elementor-widget-text-editor.elementor-drop-cap-view-framed .elementor-drop-cap{color:#818a91;border:3px solid;background-color:transparent}.elementor-widget-text-editor:not(.elementor-drop-cap-view-default) .elementor-drop-cap{margin-top:8px}.elementor-widget-text-editor:not(.elementor-drop-cap-view-default) .elementor-drop-cap-letter{width:1em;height:1em}.elementor-widget-text-editor .elementor-drop-cap{float:left;text-align:center;line-height:1;font-size:50px}.elementor-widget-text-editor .elementor-drop-cap-letter{display:inline-block}<\/style>\t\t\t\t<p>Ich glaube, dass jeder die Kraft und das Potenzial hat, dank denen er viele Tore \u00f6ffnen kann und eine schwierige und ungew\u00f6hnliche Ver\u00e4nderung zu einer guten Erfahrung machen kann.<\/p><p>Ich helfe den Anpassungsprozess nach dem Umzug in ein fremdes Land zu durchlaufen, die Regeln zu lernen, sich in der deutschen Bildungs- oder Arbeitswelt zurechtzufinden, mutig in ein neues Umfeld einzusteigen und erfolgreich zu sein. Ich unterst\u00fctze Kinder und Erwachsene, damit sie sich nach dem Umzug nach Deutschland selbstbewusster und mutiger f\u00fchlen.<\/p><p>Ich bin selbst Ausl\u00e4nderin aus Polen und habe diese Herausforderung erlebt, mich dauerhaft in einem neuen Land niederzulassen. Der Schl\u00fcssel zur Anpassung waren Sprachkenntnisse, Auslandsreisen, Austausch und das Studium in den Richtungen: Germanistik, Skandinavistik und deutsch-polnische Korrespondenz.<\/p><p>Das Unterrichten ist nicht mein Nebenjob, sondern meine Leidenschaft und Arbeit. Mit viel Engagement h\u00f6re ich zu, berate und gehe auf die Bed\u00fcrfnisse der Sch\u00fcler ein. Ich konzentriere mich auf effektives und praktisches Lernen.<\/p><p>Dank meiner Reisen habe ich die Erfahrung gewonnen, dass man sich in einem fremden Land fast wie zu Hause f\u00fchlen kann. Es ist eine gro\u00dfartige und einzigartige Erfahrung. Das Land zu wechseln muss keine schwierige Erfahrung sein, sondern ein fantastisches Abenteuer.<\/p><p>Zu diesem Abendteuer lade ich euch herzlich ein.<\/p>\t\t\t\t\t\t<\/div>\n\t\t\t\t<\/div>\n\t\t\t\t<div class=\"elementor-element elementor-element-0d9b4fd elementor-widget elementor-widget-image\" data-id=\"0d9b4fd\" data-element_type=\"widget\" data-widget_type=\"image.default\">\n\t\t\t\t<div class=\"elementor-widget-container\">\n\t\t\t<style>\/*! elementor - v3.7.8 - 02-10-2022 *\/\n.elementor-widget-image{text-align:center}.elementor-widget-image a{display:inline-block}.elementor-widget-image a img[src$=\".svg\"]{width:48px}.elementor-widget-image img{vertical-align:middle;display:inline-block}<\/style>\t\t\t\t\t\t\t\t\t\t\t\t<img loading=\"lazy\" decoding=\"async\" width=\"415\" height=\"120\" src=\"https:\/\/borntofly.com.pl\/wp-content\/uploads\/2022\/05\/podpis-agata-balicka.png\" class=\"attachment-large size-large\" alt=\"\" srcset=\"https:\/\/borntofly.com.pl\/wp-content\/uploads\/2022\/05\/podpis-agata-balicka.png 415w, https:\/\/borntofly.com.pl\/wp-content\/uploads\/2022\/05\/podpis-agata-balicka-300x87.png 300w\" sizes=\"auto, (max-width: 415px) 100vw, 415px\" \/>\t\t\t\t\t\t\t\t\t\t\t\t\t\t\t<\/div>\n\t\t\t\t<\/div>\n\t\t\t\t\t<\/div>\n\t\t<\/div>\n\t\t\t\t<div class=\"elementor-column elementor-col-50 elementor-top-column elementor-element elementor-element-6a46345\" data-id=\"6a46345\" data-element_type=\"column\">\n\t\t\t<div class=\"elementor-widget-wrap elementor-element-populated\">\n\t\t\t\t\t\t\t\t<div class=\"elementor-element elementor-element-ce48060 elementor-widget elementor-widget-image\" data-id=\"ce48060\" data-element_type=\"widget\" data-widget_type=\"image.default\">\n\t\t\t\t<div class=\"elementor-widget-container\">\n\t\t\t\t\t\t\t\t\t\t\t\t\t\t\t<img loading=\"lazy\" decoding=\"async\" width=\"748\" height=\"1024\" src=\"https:\/\/borntofly.com.pl\/wp-content\/uploads\/2022\/05\/agata-balicka-748x1024.jpg\" class=\"attachment-large size-large\" alt=\"\" srcset=\"https:\/\/borntofly.com.pl\/wp-content\/uploads\/2022\/05\/agata-balicka-748x1024.jpg 748w, https:\/\/borntofly.com.pl\/wp-content\/uploads\/2022\/05\/agata-balicka-219x300.jpg 219w, https:\/\/borntofly.com.pl\/wp-content\/uploads\/2022\/05\/agata-balicka-768x1051.jpg 768w, https:\/\/borntofly.com.pl\/wp-content\/uploads\/2022\/05\/agata-balicka-1122x1536.jpg 1122w, https:\/\/borntofly.com.pl\/wp-content\/uploads\/2022\/05\/agata-balicka.jpg 1196w\" sizes=\"auto, (max-width: 748px) 100vw, 748px\" \/>\t\t\t\t\t\t\t\t\t\t\t\t\t\t\t<\/div>\n\t\t\t\t<\/div>\n\t\t\t\t\t<\/div>\n\t\t<\/div>\n\t\t\t\t\t\t\t<\/div>\n\t\t<\/section>\n\t\t\t\t\t\t\t<\/div>\n\t\t","protected":false},"excerpt":{"rendered":"<p>Ich glaube, dass jeder die Kraft und das Potenzial hat, dank denen er viele Tore \u00f6ffnen kann und eine schwierige und ungew\u00f6hnliche Ver\u00e4nderung zu einer guten Erfahrung machen kann. Ich helfe den Anpassungsprozess nach dem Umzug in ein fremdes Land zu durchlaufen, die Regeln zu lernen, sich in der deutschen Bildungs- oder Arbeitswelt zurechtzufinden, mutig [&hellip;]<\/p>\n","protected":false},"author":1,"featured_media":469,"parent":0,"menu_order":0,"comment_status":"closed","ping_status":"closed","template":"","meta":{"inline_featured_image":false,"footnotes":""},"class_list":["post-492","page","type-page","status-publish","has-post-thumbnail","hentry"],"acf":[],"yoast_head":"<!-- This site is optimized with the Yoast SEO plugin v27.4 - https:\/\/yoast.com\/product\/yoast-seo-wordpress\/ -->\n<title>\u00dcber Born to Fly - Born to fly | Sprache &amp; Nachhilfe<\/title>\n<meta name=\"robots\" content=\"index, follow, max-snippet:-1, max-image-preview:large, max-video-preview:-1\" \/>\n<link rel=\"canonical\" href=\"https:\/\/borntofly.com.pl\/de\/ueber-mich\/\" \/>\n<meta property=\"og:locale\" content=\"de_DE\" \/>\n<meta property=\"og:type\" content=\"article\" \/>\n<meta property=\"og:title\" content=\"\u00dcber Born to Fly - Born to fly | Sprache &amp; Nachhilfe\" \/>\n<meta property=\"og:description\" content=\"Ich glaube, dass jeder die Kraft und das Potenzial hat, dank denen er viele Tore \u00f6ffnen kann und eine schwierige und ungew\u00f6hnliche Ver\u00e4nderung zu einer guten Erfahrung machen kann. Ich helfe den Anpassungsprozess nach dem Umzug in ein fremdes Land zu durchlaufen, die Regeln zu lernen, sich in der deutschen Bildungs- oder Arbeitswelt zurechtzufinden, mutig [&hellip;]\" \/>\n<meta property=\"og:url\" content=\"https:\/\/borntofly.com.pl\/de\/ueber-mich\/\" \/>\n<meta property=\"og:site_name\" content=\"Born to fly | Sprache &amp; Nachhilfe\" \/>\n<meta property=\"article:publisher\" content=\"https:\/\/www.facebook.com\/Born-to-Fly-114684724569435\" \/>\n<meta property=\"article:modified_time\" content=\"2024-09-06T12:38:30+00:00\" \/>\n<meta property=\"og:image\" content=\"https:\/\/borntofly.com.pl\/wp-content\/uploads\/2022\/04\/nauka-jezykow-5-scaled.jpeg\" \/>\n\t<meta property=\"og:image:width\" content=\"2560\" \/>\n\t<meta property=\"og:image:height\" content=\"1707\" \/>\n\t<meta property=\"og:image:type\" content=\"image\/jpeg\" \/>\n<meta name=\"twitter:card\" content=\"summary_large_image\" \/>\n<meta name=\"twitter:label1\" content=\"Gesch\u00e4tzte Lesezeit\" \/>\n\t<meta name=\"twitter:data1\" content=\"2\u00a0Minuten\" \/>\n<script type=\"application\/ld+json\" class=\"yoast-schema-graph\">{\"@context\":\"https:\\\/\\\/schema.org\",\"@graph\":[{\"@type\":\"WebPage\",\"@id\":\"https:\\\/\\\/borntofly.com.pl\\\/de\\\/ueber-mich\\\/\",\"url\":\"https:\\\/\\\/borntofly.com.pl\\\/de\\\/ueber-mich\\\/\",\"name\":\"\u00dcber Born to Fly - Born to fly | Sprache &amp; Nachhilfe\",\"isPartOf\":{\"@id\":\"https:\\\/\\\/borntofly.com.pl\\\/#website\"},\"primaryImageOfPage\":{\"@id\":\"https:\\\/\\\/borntofly.com.pl\\\/de\\\/ueber-mich\\\/#primaryimage\"},\"image\":{\"@id\":\"https:\\\/\\\/borntofly.com.pl\\\/de\\\/ueber-mich\\\/#primaryimage\"},\"thumbnailUrl\":\"https:\\\/\\\/borntofly.com.pl\\\/wp-content\\\/uploads\\\/2022\\\/04\\\/nauka-jezykow-5-scaled.jpeg\",\"datePublished\":\"2022-04-19T11:57:05+00:00\",\"dateModified\":\"2024-09-06T12:38:30+00:00\",\"breadcrumb\":{\"@id\":\"https:\\\/\\\/borntofly.com.pl\\\/de\\\/ueber-mich\\\/#breadcrumb\"},\"inLanguage\":\"de\",\"potentialAction\":[{\"@type\":\"ReadAction\",\"target\":[\"https:\\\/\\\/borntofly.com.pl\\\/de\\\/ueber-mich\\\/\"]}]},{\"@type\":\"ImageObject\",\"inLanguage\":\"de\",\"@id\":\"https:\\\/\\\/borntofly.com.pl\\\/de\\\/ueber-mich\\\/#primaryimage\",\"url\":\"https:\\\/\\\/borntofly.com.pl\\\/wp-content\\\/uploads\\\/2022\\\/04\\\/nauka-jezykow-5-scaled.jpeg\",\"contentUrl\":\"https:\\\/\\\/borntofly.com.pl\\\/wp-content\\\/uploads\\\/2022\\\/04\\\/nauka-jezykow-5-scaled.jpeg\",\"width\":2560,\"height\":1707,\"caption\":\"Teacher is sitting in the classroom with her primary school students, reading a story to them.\"},{\"@type\":\"BreadcrumbList\",\"@id\":\"https:\\\/\\\/borntofly.com.pl\\\/de\\\/ueber-mich\\\/#breadcrumb\",\"itemListElement\":[{\"@type\":\"ListItem\",\"position\":1,\"name\":\"Strona g\u0142\u00f3wna\",\"item\":\"https:\\\/\\\/borntofly.com.pl\\\/\"},{\"@type\":\"ListItem\",\"position\":2,\"name\":\"\u00dcber Born to Fly\"}]},{\"@type\":\"WebSite\",\"@id\":\"https:\\\/\\\/borntofly.com.pl\\\/#website\",\"url\":\"https:\\\/\\\/borntofly.com.pl\\\/\",\"name\":\"Born to fly | Sprache &amp; Nachhilfe\",\"description\":\"\",\"publisher\":{\"@id\":\"https:\\\/\\\/borntofly.com.pl\\\/#organization\"},\"potentialAction\":[{\"@type\":\"SearchAction\",\"target\":{\"@type\":\"EntryPoint\",\"urlTemplate\":\"https:\\\/\\\/borntofly.com.pl\\\/?s={search_term_string}\"},\"query-input\":{\"@type\":\"PropertyValueSpecification\",\"valueRequired\":true,\"valueName\":\"search_term_string\"}}],\"inLanguage\":\"de\"},{\"@type\":\"Organization\",\"@id\":\"https:\\\/\\\/borntofly.com.pl\\\/#organization\",\"name\":\"Born to fly | Sprache & Nachhilfe\",\"url\":\"https:\\\/\\\/borntofly.com.pl\\\/\",\"logo\":{\"@type\":\"ImageObject\",\"inLanguage\":\"de\",\"@id\":\"https:\\\/\\\/borntofly.com.pl\\\/#\\\/schema\\\/logo\\\/image\\\/\",\"url\":\"https:\\\/\\\/borntofly.com.pl\\\/wp-content\\\/uploads\\\/2022\\\/04\\\/born-to-fly-logo-colour.png\",\"contentUrl\":\"https:\\\/\\\/borntofly.com.pl\\\/wp-content\\\/uploads\\\/2022\\\/04\\\/born-to-fly-logo-colour.png\",\"width\":2336,\"height\":2125,\"caption\":\"Born to fly | Sprache & Nachhilfe\"},\"image\":{\"@id\":\"https:\\\/\\\/borntofly.com.pl\\\/#\\\/schema\\\/logo\\\/image\\\/\"},\"sameAs\":[\"https:\\\/\\\/www.facebook.com\\\/Born-to-Fly-114684724569435\"]}]}<\/script>\n<!-- \/ Yoast SEO plugin. -->","yoast_head_json":{"title":"\u00dcber Born to Fly - Born to fly | Sprache &amp; Nachhilfe","robots":{"index":"index","follow":"follow","max-snippet":"max-snippet:-1","max-image-preview":"max-image-preview:large","max-video-preview":"max-video-preview:-1"},"canonical":"https:\/\/borntofly.com.pl\/de\/ueber-mich\/","og_locale":"de_DE","og_type":"article","og_title":"\u00dcber Born to Fly - Born to fly | Sprache &amp; Nachhilfe","og_description":"Ich glaube, dass jeder die Kraft und das Potenzial hat, dank denen er viele Tore \u00f6ffnen kann und eine schwierige und ungew\u00f6hnliche Ver\u00e4nderung zu einer guten Erfahrung machen kann. Ich helfe den Anpassungsprozess nach dem Umzug in ein fremdes Land zu durchlaufen, die Regeln zu lernen, sich in der deutschen Bildungs- oder Arbeitswelt zurechtzufinden, mutig [&hellip;]","og_url":"https:\/\/borntofly.com.pl\/de\/ueber-mich\/","og_site_name":"Born to fly | Sprache &amp; Nachhilfe","article_publisher":"https:\/\/www.facebook.com\/Born-to-Fly-114684724569435","article_modified_time":"2024-09-06T12:38:30+00:00","og_image":[{"width":2560,"height":1707,"url":"https:\/\/borntofly.com.pl\/wp-content\/uploads\/2022\/04\/nauka-jezykow-5-scaled.jpeg","type":"image\/jpeg"}],"twitter_card":"summary_large_image","twitter_misc":{"Gesch\u00e4tzte Lesezeit":"2\u00a0Minuten"},"schema":{"@context":"https:\/\/schema.org","@graph":[{"@type":"WebPage","@id":"https:\/\/borntofly.com.pl\/de\/ueber-mich\/","url":"https:\/\/borntofly.com.pl\/de\/ueber-mich\/","name":"\u00dcber Born to Fly - Born to fly | Sprache &amp; Nachhilfe","isPartOf":{"@id":"https:\/\/borntofly.com.pl\/#website"},"primaryImageOfPage":{"@id":"https:\/\/borntofly.com.pl\/de\/ueber-mich\/#primaryimage"},"image":{"@id":"https:\/\/borntofly.com.pl\/de\/ueber-mich\/#primaryimage"},"thumbnailUrl":"https:\/\/borntofly.com.pl\/wp-content\/uploads\/2022\/04\/nauka-jezykow-5-scaled.jpeg","datePublished":"2022-04-19T11:57:05+00:00","dateModified":"2024-09-06T12:38:30+00:00","breadcrumb":{"@id":"https:\/\/borntofly.com.pl\/de\/ueber-mich\/#breadcrumb"},"inLanguage":"de","potentialAction":[{"@type":"ReadAction","target":["https:\/\/borntofly.com.pl\/de\/ueber-mich\/"]}]},{"@type":"ImageObject","inLanguage":"de","@id":"https:\/\/borntofly.com.pl\/de\/ueber-mich\/#primaryimage","url":"https:\/\/borntofly.com.pl\/wp-content\/uploads\/2022\/04\/nauka-jezykow-5-scaled.jpeg","contentUrl":"https:\/\/borntofly.com.pl\/wp-content\/uploads\/2022\/04\/nauka-jezykow-5-scaled.jpeg","width":2560,"height":1707,"caption":"Teacher is sitting in the classroom with her primary school students, reading a story to them."},{"@type":"BreadcrumbList","@id":"https:\/\/borntofly.com.pl\/de\/ueber-mich\/#breadcrumb","itemListElement":[{"@type":"ListItem","position":1,"name":"Strona g\u0142\u00f3wna","item":"https:\/\/borntofly.com.pl\/"},{"@type":"ListItem","position":2,"name":"\u00dcber Born to Fly"}]},{"@type":"WebSite","@id":"https:\/\/borntofly.com.pl\/#website","url":"https:\/\/borntofly.com.pl\/","name":"Born to fly | Sprache &amp; Nachhilfe","description":"","publisher":{"@id":"https:\/\/borntofly.com.pl\/#organization"},"potentialAction":[{"@type":"SearchAction","target":{"@type":"EntryPoint","urlTemplate":"https:\/\/borntofly.com.pl\/?s={search_term_string}"},"query-input":{"@type":"PropertyValueSpecification","valueRequired":true,"valueName":"search_term_string"}}],"inLanguage":"de"},{"@type":"Organization","@id":"https:\/\/borntofly.com.pl\/#organization","name":"Born to fly | Sprache & Nachhilfe","url":"https:\/\/borntofly.com.pl\/","logo":{"@type":"ImageObject","inLanguage":"de","@id":"https:\/\/borntofly.com.pl\/#\/schema\/logo\/image\/","url":"https:\/\/borntofly.com.pl\/wp-content\/uploads\/2022\/04\/born-to-fly-logo-colour.png","contentUrl":"https:\/\/borntofly.com.pl\/wp-content\/uploads\/2022\/04\/born-to-fly-logo-colour.png","width":2336,"height":2125,"caption":"Born to fly | Sprache & Nachhilfe"},"image":{"@id":"https:\/\/borntofly.com.pl\/#\/schema\/logo\/image\/"},"sameAs":["https:\/\/www.facebook.com\/Born-to-Fly-114684724569435"]}]}},"_links":{"self":[{"href":"https:\/\/borntofly.com.pl\/de\/wp-json\/wp\/v2\/pages\/492","targetHints":{"allow":["GET"]}}],"collection":[{"href":"https:\/\/borntofly.com.pl\/de\/wp-json\/wp\/v2\/pages"}],"about":[{"href":"https:\/\/borntofly.com.pl\/de\/wp-json\/wp\/v2\/types\/page"}],"author":[{"embeddable":true,"href":"https:\/\/borntofly.com.pl\/de\/wp-json\/wp\/v2\/users\/1"}],"replies":[{"embeddable":true,"href":"https:\/\/borntofly.com.pl\/de\/wp-json\/wp\/v2\/comments?post=492"}],"version-history":[{"count":6,"href":"https:\/\/borntofly.com.pl\/de\/wp-json\/wp\/v2\/pages\/492\/revisions"}],"predecessor-version":[{"id":762,"href":"https:\/\/borntofly.com.pl\/de\/wp-json\/wp\/v2\/pages\/492\/revisions\/762"}],"wp:featuredmedia":[{"embeddable":true,"href":"https:\/\/borntofly.com.pl\/de\/wp-json\/wp\/v2\/media\/469"}],"wp:attachment":[{"href":"https:\/\/borntofly.com.pl\/de\/wp-json\/wp\/v2\/media?parent=492"}],"curies":[{"name":"wp","href":"https:\/\/api.w.org\/{rel}","templated":true}]}}