{"id":497,"date":"2022-04-29T15:09:49","date_gmt":"2022-04-29T13:09:49","guid":{"rendered":"https:\/\/borntofly.com.pl\/fuer-schulen\/"},"modified":"2025-10-16T12:27:15","modified_gmt":"2025-10-16T10:27:15","slug":"sprachunterricht-fuer-erwaschene","status":"publish","type":"page","link":"https:\/\/borntofly.com.pl\/de\/angebot\/sprachunterricht-fuer-erwaschene\/","title":{"rendered":"Sprachunterricht f\u00fcr Erwaschene"},"content":{"rendered":"\t\t<div data-elementor-type=\"wp-page\" data-elementor-id=\"497\" class=\"elementor elementor-497 elementor-199\">\n\t\t\t\t\t\t\t\t\t<section class=\"elementor-section elementor-top-section elementor-element elementor-element-fc204da elementor-section-boxed elementor-section-height-default elementor-section-height-default\" data-id=\"fc204da\" data-element_type=\"section\">\n\t\t\t\t\t\t<div class=\"elementor-container elementor-column-gap-default\">\n\t\t\t\t\t<div class=\"elementor-column elementor-col-100 elementor-top-column elementor-element elementor-element-e055128\" data-id=\"e055128\" data-element_type=\"column\">\n\t\t\t<div class=\"elementor-widget-wrap elementor-element-populated\">\n\t\t\t\t\t\t\t\t<div class=\"elementor-element elementor-element-28eed06 elementor-widget elementor-widget-text-editor\" data-id=\"28eed06\" data-element_type=\"widget\" data-widget_type=\"text-editor.default\">\n\t\t\t\t<div class=\"elementor-widget-container\">\n\t\t\t<style>\/*! elementor - v3.7.8 - 02-10-2022 *\/\n.elementor-widget-text-editor.elementor-drop-cap-view-stacked .elementor-drop-cap{background-color:#818a91;color:#fff}.elementor-widget-text-editor.elementor-drop-cap-view-framed .elementor-drop-cap{color:#818a91;border:3px solid;background-color:transparent}.elementor-widget-text-editor:not(.elementor-drop-cap-view-default) .elementor-drop-cap{margin-top:8px}.elementor-widget-text-editor:not(.elementor-drop-cap-view-default) .elementor-drop-cap-letter{width:1em;height:1em}.elementor-widget-text-editor .elementor-drop-cap{float:left;text-align:center;line-height:1;font-size:50px}.elementor-widget-text-editor .elementor-drop-cap-letter{display:inline-block}<\/style>\t\t\t\tDie Arbeit von Schullehrern mit fremdsprachigen Kindern ohne Sprachkenntnisse ist oft eine zus\u00e4tzliche Aufgabe und eine gro\u00dfe Herausforderung. Die Unterrichtsf\u00fchrung ist mit der gleichzeitigen sprachlichen Betreuung ausl\u00e4ndischer Sch\u00fcler schwer.\t\t\t\t\t\t<\/div>\n\t\t\t\t<\/div>\n\t\t\t\t<div class=\"elementor-element elementor-element-37cf1e7 elementor-widget elementor-widget-text-editor\" data-id=\"37cf1e7\" data-element_type=\"widget\" data-widget_type=\"text-editor.default\">\n\t\t\t\t<div class=\"elementor-widget-container\">\n\t\t\t\t\t\t\t<p><strong>Welche Vorteile bietet zus\u00e4tzlicher Sprachunterricht f\u00fcr ausl\u00e4ndische Kinder?<\/strong><\/p>\t\t\t\t\t\t<\/div>\n\t\t\t\t<\/div>\n\t\t\t\t<div class=\"elementor-element elementor-element-8f5218c elementor-icon-list--layout-traditional elementor-list-item-link-full_width elementor-widget elementor-widget-icon-list\" data-id=\"8f5218c\" data-element_type=\"widget\" data-widget_type=\"icon-list.default\">\n\t\t\t\t<div class=\"elementor-widget-container\">\n\t\t\t<link rel=\"stylesheet\" href=\"https:\/\/borntofly.com.pl\/wp-content\/plugins\/elementor\/assets\/css\/widget-icon-list.min.css\">\t\t<ul class=\"elementor-icon-list-items\">\n\t\t\t\t\t\t\t<li class=\"elementor-icon-list-item\">\n\t\t\t\t\t\t\t\t\t\t\t<span class=\"elementor-icon-list-icon\">\n\t\t\t\t\t\t\t<i aria-hidden=\"true\" class=\"fas fa-plus-circle\"><\/i>\t\t\t\t\t\t<\/span>\n\t\t\t\t\t\t\t\t\t\t<span class=\"elementor-icon-list-text\">sich in der Schule besser wohlzuf\u00fchlen und sich schneller in der neuen Umgebung zurechtfinden<\/span>\n\t\t\t\t\t\t\t\t\t<\/li>\n\t\t\t\t\t\t\t\t<li class=\"elementor-icon-list-item\">\n\t\t\t\t\t\t\t\t\t\t\t<span class=\"elementor-icon-list-icon\">\n\t\t\t\t\t\t\t<i aria-hidden=\"true\" class=\"fas fa-plus-circle\"><\/i>\t\t\t\t\t\t<\/span>\n\t\t\t\t\t\t\t\t\t\t<span class=\"elementor-icon-list-text\">bessere Kommunikation zwischen dem fremdsprachigen Sch\u00fcler und dem Lehrer<\/span>\n\t\t\t\t\t\t\t\t\t<\/li>\n\t\t\t\t\t\t\t\t<li class=\"elementor-icon-list-item\">\n\t\t\t\t\t\t\t\t\t\t\t<span class=\"elementor-icon-list-icon\">\n\t\t\t\t\t\t\t<i aria-hidden=\"true\" class=\"fas fa-plus-circle\"><\/i>\t\t\t\t\t\t<\/span>\n\t\t\t\t\t\t\t\t\t\t<span class=\"elementor-icon-list-text\">Elternzufriedenheit durch meine zus\u00e4tzliche Unterst\u00fctzung<\/span>\n\t\t\t\t\t\t\t\t\t<\/li>\n\t\t\t\t\t\t\t\t<li class=\"elementor-icon-list-item\">\n\t\t\t\t\t\t\t\t\t\t\t<span class=\"elementor-icon-list-icon\">\n\t\t\t\t\t\t\t<i aria-hidden=\"true\" class=\"fas fa-plus-circle\"><\/i>\t\t\t\t\t\t<\/span>\n\t\t\t\t\t\t\t\t\t\t<span class=\"elementor-icon-list-text\">gr\u00f6\u00dfere Integration der Sch\u00fcler im Schulalltag<\/span>\n\t\t\t\t\t\t\t\t\t<\/li>\n\t\t\t\t\t\t\t\t<li class=\"elementor-icon-list-item\">\n\t\t\t\t\t\t\t\t\t\t\t<span class=\"elementor-icon-list-icon\">\n\t\t\t\t\t\t\t<i aria-hidden=\"true\" class=\"fas fa-plus-circle\"><\/i>\t\t\t\t\t\t<\/span>\n\t\t\t\t\t\t\t\t\t\t<span class=\"elementor-icon-list-text\">effektiver Unterrichtsablauf<\/span>\n\t\t\t\t\t\t\t\t\t<\/li>\n\t\t\t\t\t\t\t\t<li class=\"elementor-icon-list-item\">\n\t\t\t\t\t\t\t\t\t\t\t<span class=\"elementor-icon-list-icon\">\n\t\t\t\t\t\t\t<i aria-hidden=\"true\" class=\"fas fa-plus-circle\"><\/i>\t\t\t\t\t\t<\/span>\n\t\t\t\t\t\t\t\t\t\t<span class=\"elementor-icon-list-text\">bessere Leistungen und damit bessere Zukunft<\/span>\n\t\t\t\t\t\t\t\t\t<\/li>\n\t\t\t\t\t\t<\/ul>\n\t\t\t\t<\/div>\n\t\t\t\t<\/div>\n\t\t\t\t<div class=\"elementor-element elementor-element-4b9d19d elementor-widget elementor-widget-text-editor\" data-id=\"4b9d19d\" data-element_type=\"widget\" data-widget_type=\"text-editor.default\">\n\t\t\t\t<div class=\"elementor-widget-container\">\n\t\t\t\t\t\t\t<strong>Was kann einschr\u00e4nkt werden?\u00a0<\/strong>\t\t\t\t\t\t<\/div>\n\t\t\t\t<\/div>\n\t\t\t\t<div class=\"elementor-element elementor-element-4a713f8 elementor-icon-list--layout-traditional elementor-list-item-link-full_width elementor-widget elementor-widget-icon-list\" data-id=\"4a713f8\" data-element_type=\"widget\" data-widget_type=\"icon-list.default\">\n\t\t\t\t<div class=\"elementor-widget-container\">\n\t\t\t\t\t<ul class=\"elementor-icon-list-items\">\n\t\t\t\t\t\t\t<li class=\"elementor-icon-list-item\">\n\t\t\t\t\t\t\t\t\t\t\t<span class=\"elementor-icon-list-icon\">\n\t\t\t\t\t\t\t<i aria-hidden=\"true\" class=\"fas fa-minus-circle\"><\/i>\t\t\t\t\t\t<\/span>\n\t\t\t\t\t\t\t\t\t\t<span class=\"elementor-icon-list-text\">zu viele zus\u00e4tzliche Aufgaben und Arbeiten \u00fcber den Aufgabenbereich hinaus<\/span>\n\t\t\t\t\t\t\t\t\t<\/li>\n\t\t\t\t\t\t\t\t<li class=\"elementor-icon-list-item\">\n\t\t\t\t\t\t\t\t\t\t\t<span class=\"elementor-icon-list-icon\">\n\t\t\t\t\t\t\t<i aria-hidden=\"true\" class=\"fas fa-minus-circle\"><\/i>\t\t\t\t\t\t<\/span>\n\t\t\t\t\t\t\t\t\t\t<span class=\"elementor-icon-list-text\">fehlende Lernergebnisse f\u00fcr ein bestimmtes Fach und schlechtere Noten<\/span>\n\t\t\t\t\t\t\t\t\t<\/li>\n\t\t\t\t\t\t\t\t<li class=\"elementor-icon-list-item\">\n\t\t\t\t\t\t\t\t\t\t\t<span class=\"elementor-icon-list-icon\">\n\t\t\t\t\t\t\t<i aria-hidden=\"true\" class=\"fas fa-minus-circle\"><\/i>\t\t\t\t\t\t<\/span>\n\t\t\t\t\t\t\t\t\t\t<span class=\"elementor-icon-list-text\">die Traurigkeit und Wut des Sch\u00fclers wegen nicht ausreichender Sprachkenntnisse<\/span>\n\t\t\t\t\t\t\t\t\t<\/li>\n\t\t\t\t\t\t\t\t<li class=\"elementor-icon-list-item\">\n\t\t\t\t\t\t\t\t\t\t\t<span class=\"elementor-icon-list-icon\">\n\t\t\t\t\t\t\t<i aria-hidden=\"true\" class=\"fas fa-minus-circle\"><\/i>\t\t\t\t\t\t<\/span>\n\t\t\t\t\t\t\t\t\t\t<span class=\"elementor-icon-list-text\">sich hilflos zu f\u00fchlen und auf sich allein gestellt bleiben<\/span>\n\t\t\t\t\t\t\t\t\t<\/li>\n\t\t\t\t\t\t<\/ul>\n\t\t\t\t<\/div>\n\t\t\t\t<\/div>\n\t\t\t\t<div class=\"elementor-element elementor-element-33600f1 elementor-widget elementor-widget-text-editor\" data-id=\"33600f1\" data-element_type=\"widget\" data-widget_type=\"text-editor.default\">\n\t\t\t\t<div class=\"elementor-widget-container\">\n\t\t\t\t\t\t\tIch biete Deutschunterricht und Nachhilfe f\u00fcr fremdsprachige Kinder an. Gerne erstelle ich Ihnen ein\u00a0 passendes Angebot f\u00fcr Ihre Schule.\t\t\t\t\t\t<\/div>\n\t\t\t\t<\/div>\n\t\t\t\t\t<\/div>\n\t\t<\/div>\n\t\t\t\t\t\t\t<\/div>\n\t\t<\/section>\n\t\t\t\t\t\t\t<\/div>\n\t\t","protected":false},"excerpt":{"rendered":"<p>Derzeit gibt es kein Angebot f\u00fcr Erwachsene. Sprachunterricht f\u00fcr Erwaschene Die Arbeit von Schullehrern mit fremdsprachigen Kindern ohne Sprachkenntnisse ist oft eine zus\u00e4tzliche Aufgabe und eine gro\u00dfe Herausforderung. Die Unterrichtsf\u00fchrung ist mit der gleichzeitigen sprachlichen Betreuung ausl\u00e4ndischer Sch\u00fcler schwer. Welche Vorteile bietet zus\u00e4tzlicher Sprachunterricht f\u00fcr ausl\u00e4ndische Kinder? sich in der Schule besser wohlzuf\u00fchlen und sich [&hellip;]<\/p>\n","protected":false},"author":1,"featured_media":468,"parent":507,"menu_order":0,"comment_status":"closed","ping_status":"closed","template":"","meta":{"inline_featured_image":false,"footnotes":""},"class_list":["post-497","page","type-page","status-publish","has-post-thumbnail","hentry"],"acf":[],"yoast_head":"<!-- This site is optimized with the Yoast SEO plugin v27.4 - https:\/\/yoast.com\/product\/yoast-seo-wordpress\/ -->\n<title>Sprachunterricht f\u00fcr Erwaschene - Born to fly | Sprache &amp; Nachhilfe<\/title>\n<meta name=\"robots\" content=\"index, follow, max-snippet:-1, max-image-preview:large, max-video-preview:-1\" \/>\n<link rel=\"canonical\" href=\"https:\/\/borntofly.com.pl\/de\/angebot\/sprachunterricht-fuer-erwaschene\/\" \/>\n<meta property=\"og:locale\" content=\"de_DE\" \/>\n<meta property=\"og:type\" content=\"article\" \/>\n<meta property=\"og:title\" content=\"Sprachunterricht f\u00fcr Erwaschene - Born to fly | Sprache &amp; Nachhilfe\" \/>\n<meta property=\"og:description\" content=\"Derzeit gibt es kein Angebot f\u00fcr Erwachsene. Sprachunterricht f\u00fcr Erwaschene Die Arbeit von Schullehrern mit fremdsprachigen Kindern ohne Sprachkenntnisse ist oft eine zus\u00e4tzliche Aufgabe und eine gro\u00dfe Herausforderung. Die Unterrichtsf\u00fchrung ist mit der gleichzeitigen sprachlichen Betreuung ausl\u00e4ndischer Sch\u00fcler schwer. Welche Vorteile bietet zus\u00e4tzlicher Sprachunterricht f\u00fcr ausl\u00e4ndische Kinder? sich in der Schule besser wohlzuf\u00fchlen und sich [&hellip;]\" \/>\n<meta property=\"og:url\" content=\"https:\/\/borntofly.com.pl\/de\/angebot\/sprachunterricht-fuer-erwaschene\/\" \/>\n<meta property=\"og:site_name\" content=\"Born to fly | Sprache &amp; Nachhilfe\" \/>\n<meta property=\"article:publisher\" content=\"https:\/\/www.facebook.com\/Born-to-Fly-114684724569435\" \/>\n<meta property=\"article:modified_time\" content=\"2025-10-16T10:27:15+00:00\" \/>\n<meta property=\"og:image\" content=\"https:\/\/borntofly.com.pl\/wp-content\/uploads\/2022\/04\/nauka-jezykow-4-scaled.jpeg\" \/>\n\t<meta property=\"og:image:width\" content=\"2560\" \/>\n\t<meta property=\"og:image:height\" content=\"1707\" \/>\n\t<meta property=\"og:image:type\" content=\"image\/jpeg\" \/>\n<meta name=\"twitter:card\" content=\"summary_large_image\" \/>\n<meta name=\"twitter:label1\" content=\"Gesch\u00e4tzte Lesezeit\" \/>\n\t<meta name=\"twitter:data1\" content=\"2\u00a0Minuten\" \/>\n<script type=\"application\/ld+json\" class=\"yoast-schema-graph\">{\"@context\":\"https:\\\/\\\/schema.org\",\"@graph\":[{\"@type\":\"WebPage\",\"@id\":\"https:\\\/\\\/borntofly.com.pl\\\/de\\\/angebot\\\/sprachunterricht-fuer-erwaschene\\\/\",\"url\":\"https:\\\/\\\/borntofly.com.pl\\\/de\\\/angebot\\\/sprachunterricht-fuer-erwaschene\\\/\",\"name\":\"Sprachunterricht f\u00fcr Erwaschene - Born to fly | Sprache &amp; Nachhilfe\",\"isPartOf\":{\"@id\":\"https:\\\/\\\/borntofly.com.pl\\\/#website\"},\"primaryImageOfPage\":{\"@id\":\"https:\\\/\\\/borntofly.com.pl\\\/de\\\/angebot\\\/sprachunterricht-fuer-erwaschene\\\/#primaryimage\"},\"image\":{\"@id\":\"https:\\\/\\\/borntofly.com.pl\\\/de\\\/angebot\\\/sprachunterricht-fuer-erwaschene\\\/#primaryimage\"},\"thumbnailUrl\":\"https:\\\/\\\/borntofly.com.pl\\\/wp-content\\\/uploads\\\/2022\\\/04\\\/nauka-jezykow-4-scaled.jpeg\",\"datePublished\":\"2022-04-29T13:09:49+00:00\",\"dateModified\":\"2025-10-16T10:27:15+00:00\",\"breadcrumb\":{\"@id\":\"https:\\\/\\\/borntofly.com.pl\\\/de\\\/angebot\\\/sprachunterricht-fuer-erwaschene\\\/#breadcrumb\"},\"inLanguage\":\"de\",\"potentialAction\":[{\"@type\":\"ReadAction\",\"target\":[\"https:\\\/\\\/borntofly.com.pl\\\/de\\\/angebot\\\/sprachunterricht-fuer-erwaschene\\\/\"]}]},{\"@type\":\"ImageObject\",\"inLanguage\":\"de\",\"@id\":\"https:\\\/\\\/borntofly.com.pl\\\/de\\\/angebot\\\/sprachunterricht-fuer-erwaschene\\\/#primaryimage\",\"url\":\"https:\\\/\\\/borntofly.com.pl\\\/wp-content\\\/uploads\\\/2022\\\/04\\\/nauka-jezykow-4-scaled.jpeg\",\"contentUrl\":\"https:\\\/\\\/borntofly.com.pl\\\/wp-content\\\/uploads\\\/2022\\\/04\\\/nauka-jezykow-4-scaled.jpeg\",\"width\":2560,\"height\":1707,\"caption\":\"Little children during lesson at language school\"},{\"@type\":\"BreadcrumbList\",\"@id\":\"https:\\\/\\\/borntofly.com.pl\\\/de\\\/angebot\\\/sprachunterricht-fuer-erwaschene\\\/#breadcrumb\",\"itemListElement\":[{\"@type\":\"ListItem\",\"position\":1,\"name\":\"Strona g\u0142\u00f3wna\",\"item\":\"https:\\\/\\\/borntofly.com.pl\\\/\"},{\"@type\":\"ListItem\",\"position\":2,\"name\":\"Angebot\",\"item\":\"https:\\\/\\\/borntofly.com.pl\\\/oferta\\\/\"},{\"@type\":\"ListItem\",\"position\":3,\"name\":\"Sprachunterricht f\u00fcr Erwaschene\"}]},{\"@type\":\"WebSite\",\"@id\":\"https:\\\/\\\/borntofly.com.pl\\\/#website\",\"url\":\"https:\\\/\\\/borntofly.com.pl\\\/\",\"name\":\"Born to fly | Sprache &amp; Nachhilfe\",\"description\":\"\",\"publisher\":{\"@id\":\"https:\\\/\\\/borntofly.com.pl\\\/#organization\"},\"potentialAction\":[{\"@type\":\"SearchAction\",\"target\":{\"@type\":\"EntryPoint\",\"urlTemplate\":\"https:\\\/\\\/borntofly.com.pl\\\/?s={search_term_string}\"},\"query-input\":{\"@type\":\"PropertyValueSpecification\",\"valueRequired\":true,\"valueName\":\"search_term_string\"}}],\"inLanguage\":\"de\"},{\"@type\":\"Organization\",\"@id\":\"https:\\\/\\\/borntofly.com.pl\\\/#organization\",\"name\":\"Born to fly | Sprache & Nachhilfe\",\"url\":\"https:\\\/\\\/borntofly.com.pl\\\/\",\"logo\":{\"@type\":\"ImageObject\",\"inLanguage\":\"de\",\"@id\":\"https:\\\/\\\/borntofly.com.pl\\\/#\\\/schema\\\/logo\\\/image\\\/\",\"url\":\"https:\\\/\\\/borntofly.com.pl\\\/wp-content\\\/uploads\\\/2022\\\/04\\\/born-to-fly-logo-colour.png\",\"contentUrl\":\"https:\\\/\\\/borntofly.com.pl\\\/wp-content\\\/uploads\\\/2022\\\/04\\\/born-to-fly-logo-colour.png\",\"width\":2336,\"height\":2125,\"caption\":\"Born to fly | Sprache & Nachhilfe\"},\"image\":{\"@id\":\"https:\\\/\\\/borntofly.com.pl\\\/#\\\/schema\\\/logo\\\/image\\\/\"},\"sameAs\":[\"https:\\\/\\\/www.facebook.com\\\/Born-to-Fly-114684724569435\"]}]}<\/script>\n<!-- \/ Yoast SEO plugin. -->","yoast_head_json":{"title":"Sprachunterricht f\u00fcr Erwaschene - Born to fly | Sprache &amp; Nachhilfe","robots":{"index":"index","follow":"follow","max-snippet":"max-snippet:-1","max-image-preview":"max-image-preview:large","max-video-preview":"max-video-preview:-1"},"canonical":"https:\/\/borntofly.com.pl\/de\/angebot\/sprachunterricht-fuer-erwaschene\/","og_locale":"de_DE","og_type":"article","og_title":"Sprachunterricht f\u00fcr Erwaschene - Born to fly | Sprache &amp; Nachhilfe","og_description":"Derzeit gibt es kein Angebot f\u00fcr Erwachsene. Sprachunterricht f\u00fcr Erwaschene Die Arbeit von Schullehrern mit fremdsprachigen Kindern ohne Sprachkenntnisse ist oft eine zus\u00e4tzliche Aufgabe und eine gro\u00dfe Herausforderung. Die Unterrichtsf\u00fchrung ist mit der gleichzeitigen sprachlichen Betreuung ausl\u00e4ndischer Sch\u00fcler schwer. Welche Vorteile bietet zus\u00e4tzlicher Sprachunterricht f\u00fcr ausl\u00e4ndische Kinder? sich in der Schule besser wohlzuf\u00fchlen und sich [&hellip;]","og_url":"https:\/\/borntofly.com.pl\/de\/angebot\/sprachunterricht-fuer-erwaschene\/","og_site_name":"Born to fly | Sprache &amp; Nachhilfe","article_publisher":"https:\/\/www.facebook.com\/Born-to-Fly-114684724569435","article_modified_time":"2025-10-16T10:27:15+00:00","og_image":[{"width":2560,"height":1707,"url":"https:\/\/borntofly.com.pl\/wp-content\/uploads\/2022\/04\/nauka-jezykow-4-scaled.jpeg","type":"image\/jpeg"}],"twitter_card":"summary_large_image","twitter_misc":{"Gesch\u00e4tzte Lesezeit":"2\u00a0Minuten"},"schema":{"@context":"https:\/\/schema.org","@graph":[{"@type":"WebPage","@id":"https:\/\/borntofly.com.pl\/de\/angebot\/sprachunterricht-fuer-erwaschene\/","url":"https:\/\/borntofly.com.pl\/de\/angebot\/sprachunterricht-fuer-erwaschene\/","name":"Sprachunterricht f\u00fcr Erwaschene - Born to fly | Sprache &amp; Nachhilfe","isPartOf":{"@id":"https:\/\/borntofly.com.pl\/#website"},"primaryImageOfPage":{"@id":"https:\/\/borntofly.com.pl\/de\/angebot\/sprachunterricht-fuer-erwaschene\/#primaryimage"},"image":{"@id":"https:\/\/borntofly.com.pl\/de\/angebot\/sprachunterricht-fuer-erwaschene\/#primaryimage"},"thumbnailUrl":"https:\/\/borntofly.com.pl\/wp-content\/uploads\/2022\/04\/nauka-jezykow-4-scaled.jpeg","datePublished":"2022-04-29T13:09:49+00:00","dateModified":"2025-10-16T10:27:15+00:00","breadcrumb":{"@id":"https:\/\/borntofly.com.pl\/de\/angebot\/sprachunterricht-fuer-erwaschene\/#breadcrumb"},"inLanguage":"de","potentialAction":[{"@type":"ReadAction","target":["https:\/\/borntofly.com.pl\/de\/angebot\/sprachunterricht-fuer-erwaschene\/"]}]},{"@type":"ImageObject","inLanguage":"de","@id":"https:\/\/borntofly.com.pl\/de\/angebot\/sprachunterricht-fuer-erwaschene\/#primaryimage","url":"https:\/\/borntofly.com.pl\/wp-content\/uploads\/2022\/04\/nauka-jezykow-4-scaled.jpeg","contentUrl":"https:\/\/borntofly.com.pl\/wp-content\/uploads\/2022\/04\/nauka-jezykow-4-scaled.jpeg","width":2560,"height":1707,"caption":"Little children during lesson at language school"},{"@type":"BreadcrumbList","@id":"https:\/\/borntofly.com.pl\/de\/angebot\/sprachunterricht-fuer-erwaschene\/#breadcrumb","itemListElement":[{"@type":"ListItem","position":1,"name":"Strona g\u0142\u00f3wna","item":"https:\/\/borntofly.com.pl\/"},{"@type":"ListItem","position":2,"name":"Angebot","item":"https:\/\/borntofly.com.pl\/oferta\/"},{"@type":"ListItem","position":3,"name":"Sprachunterricht f\u00fcr Erwaschene"}]},{"@type":"WebSite","@id":"https:\/\/borntofly.com.pl\/#website","url":"https:\/\/borntofly.com.pl\/","name":"Born to fly | Sprache &amp; Nachhilfe","description":"","publisher":{"@id":"https:\/\/borntofly.com.pl\/#organization"},"potentialAction":[{"@type":"SearchAction","target":{"@type":"EntryPoint","urlTemplate":"https:\/\/borntofly.com.pl\/?s={search_term_string}"},"query-input":{"@type":"PropertyValueSpecification","valueRequired":true,"valueName":"search_term_string"}}],"inLanguage":"de"},{"@type":"Organization","@id":"https:\/\/borntofly.com.pl\/#organization","name":"Born to fly | Sprache & Nachhilfe","url":"https:\/\/borntofly.com.pl\/","logo":{"@type":"ImageObject","inLanguage":"de","@id":"https:\/\/borntofly.com.pl\/#\/schema\/logo\/image\/","url":"https:\/\/borntofly.com.pl\/wp-content\/uploads\/2022\/04\/born-to-fly-logo-colour.png","contentUrl":"https:\/\/borntofly.com.pl\/wp-content\/uploads\/2022\/04\/born-to-fly-logo-colour.png","width":2336,"height":2125,"caption":"Born to fly | Sprache & Nachhilfe"},"image":{"@id":"https:\/\/borntofly.com.pl\/#\/schema\/logo\/image\/"},"sameAs":["https:\/\/www.facebook.com\/Born-to-Fly-114684724569435"]}]}},"_links":{"self":[{"href":"https:\/\/borntofly.com.pl\/de\/wp-json\/wp\/v2\/pages\/497","targetHints":{"allow":["GET"]}}],"collection":[{"href":"https:\/\/borntofly.com.pl\/de\/wp-json\/wp\/v2\/pages"}],"about":[{"href":"https:\/\/borntofly.com.pl\/de\/wp-json\/wp\/v2\/types\/page"}],"author":[{"embeddable":true,"href":"https:\/\/borntofly.com.pl\/de\/wp-json\/wp\/v2\/users\/1"}],"replies":[{"embeddable":true,"href":"https:\/\/borntofly.com.pl\/de\/wp-json\/wp\/v2\/comments?post=497"}],"version-history":[{"count":8,"href":"https:\/\/borntofly.com.pl\/de\/wp-json\/wp\/v2\/pages\/497\/revisions"}],"predecessor-version":[{"id":818,"href":"https:\/\/borntofly.com.pl\/de\/wp-json\/wp\/v2\/pages\/497\/revisions\/818"}],"up":[{"embeddable":true,"href":"https:\/\/borntofly.com.pl\/de\/wp-json\/wp\/v2\/pages\/507"}],"wp:featuredmedia":[{"embeddable":true,"href":"https:\/\/borntofly.com.pl\/de\/wp-json\/wp\/v2\/media\/468"}],"wp:attachment":[{"href":"https:\/\/borntofly.com.pl\/de\/wp-json\/wp\/v2\/media?parent=497"}],"curies":[{"name":"wp","href":"https:\/\/api.w.org\/{rel}","templated":true}]}}