{"id":499,"date":"2022-06-13T10:53:55","date_gmt":"2022-06-13T08:53:55","guid":{"rendered":"https:\/\/borntofly.com.pl\/foerdermittel-fuer-den-unterricht\/"},"modified":"2022-08-21T22:08:36","modified_gmt":"2022-08-21T20:08:36","slug":"foerdermittel-fuer-den-unterricht","status":"publish","type":"page","link":"https:\/\/borntofly.com.pl\/de\/angebot\/individueller-kunde\/foerdermittel-fuer-den-unterricht\/","title":{"rendered":"F\u00f6rdermittel f\u00fcr den Unterricht"},"content":{"rendered":"\t\t<div data-elementor-type=\"wp-page\" data-elementor-id=\"499\" class=\"elementor elementor-499 elementor-383\">\n\t\t\t\t\t\t\t\t\t<section class=\"elementor-section elementor-top-section elementor-element elementor-element-0b180ca elementor-section-boxed elementor-section-height-default elementor-section-height-default\" data-id=\"0b180ca\" data-element_type=\"section\">\n\t\t\t\t\t\t<div class=\"elementor-container elementor-column-gap-default\">\n\t\t\t\t\t<div class=\"elementor-column elementor-col-100 elementor-top-column elementor-element elementor-element-8ffb7f6\" data-id=\"8ffb7f6\" data-element_type=\"column\">\n\t\t\t<div class=\"elementor-widget-wrap elementor-element-populated\">\n\t\t\t\t\t\t\t\t<div class=\"elementor-element elementor-element-3405fb6 elementor-widget elementor-widget-text-editor\" data-id=\"3405fb6\" data-element_type=\"widget\" data-widget_type=\"text-editor.default\">\n\t\t\t\t<div class=\"elementor-widget-container\">\n\t\t\t<style>\/*! elementor - v3.7.8 - 02-10-2022 *\/\n.elementor-widget-text-editor.elementor-drop-cap-view-stacked .elementor-drop-cap{background-color:#818a91;color:#fff}.elementor-widget-text-editor.elementor-drop-cap-view-framed .elementor-drop-cap{color:#818a91;border:3px solid;background-color:transparent}.elementor-widget-text-editor:not(.elementor-drop-cap-view-default) .elementor-drop-cap{margin-top:8px}.elementor-widget-text-editor:not(.elementor-drop-cap-view-default) .elementor-drop-cap-letter{width:1em;height:1em}.elementor-widget-text-editor .elementor-drop-cap{float:left;text-align:center;line-height:1;font-size:50px}.elementor-widget-text-editor .elementor-drop-cap-letter{display:inline-block}<\/style>\t\t\t\t<p><strong>Der Umzug, die neue Sprache, die neue Umgebung und ein Schulwechsel sind gro\u00dfe \u00c4nderungen im Leben.<\/strong><\/p><p>Um Ihren Erwartungen gerecht zu werden und das jedes Kind die M\u00f6glichkeit hat, die Sprache gut zu erlernen, helfe ich Ihnen die F\u00f6rdermittel zu beantragen. Hief\u00fcr werde ich eine Geb\u00fchr von einmalig 35 Euro berechnen. Weitere Informationen erteile ich telefonisch und w\u00e4hrend der ersten Unterrichtsstunde.<\/p>\t\t\t\t\t\t<\/div>\n\t\t\t\t<\/div>\n\t\t\t\t<div class=\"elementor-element elementor-element-7d9558d e-transform elementor-mobile-align-center elementor-widget elementor-widget-button\" data-id=\"7d9558d\" data-element_type=\"widget\" data-settings=\"{&quot;_transform_translateY_effect_hover&quot;:{&quot;unit&quot;:&quot;px&quot;,&quot;size&quot;:-3,&quot;sizes&quot;:[]},&quot;_transform_translateX_effect_hover&quot;:{&quot;unit&quot;:&quot;px&quot;,&quot;size&quot;:&quot;&quot;,&quot;sizes&quot;:[]},&quot;_transform_translateX_effect_hover_tablet&quot;:{&quot;unit&quot;:&quot;px&quot;,&quot;size&quot;:&quot;&quot;,&quot;sizes&quot;:[]},&quot;_transform_translateX_effect_hover_mobile&quot;:{&quot;unit&quot;:&quot;px&quot;,&quot;size&quot;:&quot;&quot;,&quot;sizes&quot;:[]},&quot;_transform_translateY_effect_hover_tablet&quot;:{&quot;unit&quot;:&quot;px&quot;,&quot;size&quot;:&quot;&quot;,&quot;sizes&quot;:[]},&quot;_transform_translateY_effect_hover_mobile&quot;:{&quot;unit&quot;:&quot;px&quot;,&quot;size&quot;:&quot;&quot;,&quot;sizes&quot;:[]}}\" data-widget_type=\"button.default\">\n\t\t\t\t<div class=\"elementor-widget-container\">\n\t\t\t\t\t<div class=\"elementor-button-wrapper\">\n\t\t\t<a href=\"https:\/\/borntofly.com.pl\/de\/kontakt\/\" class=\"elementor-button-link elementor-button elementor-size-sm\" role=\"button\">\n\t\t\t\t\t\t<span class=\"elementor-button-content-wrapper\">\n\t\t\t\t\t\t<span class=\"elementor-button-text\">Kontaktiere uns<\/span>\n\t\t<\/span>\n\t\t\t\t\t<\/a>\n\t\t<\/div>\n\t\t\t\t<\/div>\n\t\t\t\t<\/div>\n\t\t\t\t\t<\/div>\n\t\t<\/div>\n\t\t\t\t\t\t\t<\/div>\n\t\t<\/section>\n\t\t\t\t\t\t\t<\/div>\n\t\t","protected":false},"excerpt":{"rendered":"<p>Der Umzug, die neue Sprache, die neue Umgebung und ein Schulwechsel sind gro\u00dfe \u00c4nderungen im Leben. Um Ihren Erwartungen gerecht zu werden und das jedes Kind die M\u00f6glichkeit hat, die Sprache gut zu erlernen, helfe ich Ihnen die F\u00f6rdermittel zu beantragen. Hief\u00fcr werde ich eine Geb\u00fchr von einmalig 35 Euro berechnen. Weitere Informationen erteile ich [&hellip;]<\/p>\n","protected":false},"author":1,"featured_media":465,"parent":503,"menu_order":0,"comment_status":"closed","ping_status":"closed","template":"","meta":{"inline_featured_image":false,"footnotes":""},"class_list":["post-499","page","type-page","status-publish","has-post-thumbnail","hentry"],"acf":[],"yoast_head":"<!-- This site is optimized with the Yoast SEO plugin v27.4 - https:\/\/yoast.com\/product\/yoast-seo-wordpress\/ -->\n<title>F\u00f6rdermittel f\u00fcr den Unterricht - Born to fly | Sprache &amp; Nachhilfe<\/title>\n<meta name=\"robots\" content=\"index, follow, max-snippet:-1, max-image-preview:large, max-video-preview:-1\" \/>\n<link rel=\"canonical\" href=\"https:\/\/borntofly.com.pl\/de\/angebot\/individueller-kunde\/foerdermittel-fuer-den-unterricht\/\" \/>\n<meta property=\"og:locale\" content=\"de_DE\" \/>\n<meta property=\"og:type\" content=\"article\" \/>\n<meta property=\"og:title\" content=\"F\u00f6rdermittel f\u00fcr den Unterricht - Born to fly | Sprache &amp; Nachhilfe\" \/>\n<meta property=\"og:description\" content=\"Der Umzug, die neue Sprache, die neue Umgebung und ein Schulwechsel sind gro\u00dfe \u00c4nderungen im Leben. Um Ihren Erwartungen gerecht zu werden und das jedes Kind die M\u00f6glichkeit hat, die Sprache gut zu erlernen, helfe ich Ihnen die F\u00f6rdermittel zu beantragen. Hief\u00fcr werde ich eine Geb\u00fchr von einmalig 35 Euro berechnen. Weitere Informationen erteile ich [&hellip;]\" \/>\n<meta property=\"og:url\" content=\"https:\/\/borntofly.com.pl\/de\/angebot\/individueller-kunde\/foerdermittel-fuer-den-unterricht\/\" \/>\n<meta property=\"og:site_name\" content=\"Born to fly | Sprache &amp; Nachhilfe\" \/>\n<meta property=\"article:publisher\" content=\"https:\/\/www.facebook.com\/Born-to-Fly-114684724569435\" \/>\n<meta property=\"article:modified_time\" content=\"2022-08-21T20:08:36+00:00\" \/>\n<meta property=\"og:image\" content=\"https:\/\/borntofly.com.pl\/wp-content\/uploads\/2022\/04\/nauka-jezykow-1-scaled.jpeg\" \/>\n\t<meta property=\"og:image:width\" content=\"2560\" \/>\n\t<meta property=\"og:image:height\" content=\"1707\" \/>\n\t<meta property=\"og:image:type\" content=\"image\/jpeg\" \/>\n<meta name=\"twitter:card\" content=\"summary_large_image\" \/>\n<meta name=\"twitter:label1\" content=\"Gesch\u00e4tzte Lesezeit\" \/>\n\t<meta name=\"twitter:data1\" content=\"1\u00a0Minute\" \/>\n<script type=\"application\/ld+json\" class=\"yoast-schema-graph\">{\"@context\":\"https:\\\/\\\/schema.org\",\"@graph\":[{\"@type\":\"WebPage\",\"@id\":\"https:\\\/\\\/borntofly.com.pl\\\/de\\\/angebot\\\/individueller-kunde\\\/foerdermittel-fuer-den-unterricht\\\/\",\"url\":\"https:\\\/\\\/borntofly.com.pl\\\/de\\\/angebot\\\/individueller-kunde\\\/foerdermittel-fuer-den-unterricht\\\/\",\"name\":\"F\u00f6rdermittel f\u00fcr den Unterricht - Born to fly | Sprache &amp; Nachhilfe\",\"isPartOf\":{\"@id\":\"https:\\\/\\\/borntofly.com.pl\\\/#website\"},\"primaryImageOfPage\":{\"@id\":\"https:\\\/\\\/borntofly.com.pl\\\/de\\\/angebot\\\/individueller-kunde\\\/foerdermittel-fuer-den-unterricht\\\/#primaryimage\"},\"image\":{\"@id\":\"https:\\\/\\\/borntofly.com.pl\\\/de\\\/angebot\\\/individueller-kunde\\\/foerdermittel-fuer-den-unterricht\\\/#primaryimage\"},\"thumbnailUrl\":\"https:\\\/\\\/borntofly.com.pl\\\/wp-content\\\/uploads\\\/2022\\\/04\\\/nauka-jezykow-1-scaled.jpeg\",\"datePublished\":\"2022-06-13T08:53:55+00:00\",\"dateModified\":\"2022-08-21T20:08:36+00:00\",\"breadcrumb\":{\"@id\":\"https:\\\/\\\/borntofly.com.pl\\\/de\\\/angebot\\\/individueller-kunde\\\/foerdermittel-fuer-den-unterricht\\\/#breadcrumb\"},\"inLanguage\":\"de\",\"potentialAction\":[{\"@type\":\"ReadAction\",\"target\":[\"https:\\\/\\\/borntofly.com.pl\\\/de\\\/angebot\\\/individueller-kunde\\\/foerdermittel-fuer-den-unterricht\\\/\"]}]},{\"@type\":\"ImageObject\",\"inLanguage\":\"de\",\"@id\":\"https:\\\/\\\/borntofly.com.pl\\\/de\\\/angebot\\\/individueller-kunde\\\/foerdermittel-fuer-den-unterricht\\\/#primaryimage\",\"url\":\"https:\\\/\\\/borntofly.com.pl\\\/wp-content\\\/uploads\\\/2022\\\/04\\\/nauka-jezykow-1-scaled.jpeg\",\"contentUrl\":\"https:\\\/\\\/borntofly.com.pl\\\/wp-content\\\/uploads\\\/2022\\\/04\\\/nauka-jezykow-1-scaled.jpeg\",\"width\":2560,\"height\":1707,\"caption\":\"Young woman and man studying for a test or an exam. Tutor books with friends. Young students campus helps friend catching up and learning. People, learning, education and school concept.\"},{\"@type\":\"BreadcrumbList\",\"@id\":\"https:\\\/\\\/borntofly.com.pl\\\/de\\\/angebot\\\/individueller-kunde\\\/foerdermittel-fuer-den-unterricht\\\/#breadcrumb\",\"itemListElement\":[{\"@type\":\"ListItem\",\"position\":1,\"name\":\"Strona g\u0142\u00f3wna\",\"item\":\"https:\\\/\\\/borntofly.com.pl\\\/\"},{\"@type\":\"ListItem\",\"position\":2,\"name\":\"Angebot\",\"item\":\"https:\\\/\\\/borntofly.com.pl\\\/oferta\\\/\"},{\"@type\":\"ListItem\",\"position\":3,\"name\":\"Sprache &amp; Nachhilfe f\u00fcr Kinder\",\"item\":\"https:\\\/\\\/borntofly.com.pl\\\/de\\\/angebot\\\/individueller-kunde\\\/\"},{\"@type\":\"ListItem\",\"position\":4,\"name\":\"F\u00f6rdermittel f\u00fcr den Unterricht\"}]},{\"@type\":\"WebSite\",\"@id\":\"https:\\\/\\\/borntofly.com.pl\\\/#website\",\"url\":\"https:\\\/\\\/borntofly.com.pl\\\/\",\"name\":\"Born to fly | Sprache &amp; Nachhilfe\",\"description\":\"\",\"publisher\":{\"@id\":\"https:\\\/\\\/borntofly.com.pl\\\/#organization\"},\"potentialAction\":[{\"@type\":\"SearchAction\",\"target\":{\"@type\":\"EntryPoint\",\"urlTemplate\":\"https:\\\/\\\/borntofly.com.pl\\\/?s={search_term_string}\"},\"query-input\":{\"@type\":\"PropertyValueSpecification\",\"valueRequired\":true,\"valueName\":\"search_term_string\"}}],\"inLanguage\":\"de\"},{\"@type\":\"Organization\",\"@id\":\"https:\\\/\\\/borntofly.com.pl\\\/#organization\",\"name\":\"Born to fly | Sprache & Nachhilfe\",\"url\":\"https:\\\/\\\/borntofly.com.pl\\\/\",\"logo\":{\"@type\":\"ImageObject\",\"inLanguage\":\"de\",\"@id\":\"https:\\\/\\\/borntofly.com.pl\\\/#\\\/schema\\\/logo\\\/image\\\/\",\"url\":\"https:\\\/\\\/borntofly.com.pl\\\/wp-content\\\/uploads\\\/2022\\\/04\\\/born-to-fly-logo-colour.png\",\"contentUrl\":\"https:\\\/\\\/borntofly.com.pl\\\/wp-content\\\/uploads\\\/2022\\\/04\\\/born-to-fly-logo-colour.png\",\"width\":2336,\"height\":2125,\"caption\":\"Born to fly | Sprache & Nachhilfe\"},\"image\":{\"@id\":\"https:\\\/\\\/borntofly.com.pl\\\/#\\\/schema\\\/logo\\\/image\\\/\"},\"sameAs\":[\"https:\\\/\\\/www.facebook.com\\\/Born-to-Fly-114684724569435\"]}]}<\/script>\n<!-- \/ Yoast SEO plugin. -->","yoast_head_json":{"title":"F\u00f6rdermittel f\u00fcr den Unterricht - Born to fly | Sprache &amp; Nachhilfe","robots":{"index":"index","follow":"follow","max-snippet":"max-snippet:-1","max-image-preview":"max-image-preview:large","max-video-preview":"max-video-preview:-1"},"canonical":"https:\/\/borntofly.com.pl\/de\/angebot\/individueller-kunde\/foerdermittel-fuer-den-unterricht\/","og_locale":"de_DE","og_type":"article","og_title":"F\u00f6rdermittel f\u00fcr den Unterricht - Born to fly | Sprache &amp; Nachhilfe","og_description":"Der Umzug, die neue Sprache, die neue Umgebung und ein Schulwechsel sind gro\u00dfe \u00c4nderungen im Leben. Um Ihren Erwartungen gerecht zu werden und das jedes Kind die M\u00f6glichkeit hat, die Sprache gut zu erlernen, helfe ich Ihnen die F\u00f6rdermittel zu beantragen. Hief\u00fcr werde ich eine Geb\u00fchr von einmalig 35 Euro berechnen. Weitere Informationen erteile ich [&hellip;]","og_url":"https:\/\/borntofly.com.pl\/de\/angebot\/individueller-kunde\/foerdermittel-fuer-den-unterricht\/","og_site_name":"Born to fly | Sprache &amp; Nachhilfe","article_publisher":"https:\/\/www.facebook.com\/Born-to-Fly-114684724569435","article_modified_time":"2022-08-21T20:08:36+00:00","og_image":[{"width":2560,"height":1707,"url":"https:\/\/borntofly.com.pl\/wp-content\/uploads\/2022\/04\/nauka-jezykow-1-scaled.jpeg","type":"image\/jpeg"}],"twitter_card":"summary_large_image","twitter_misc":{"Gesch\u00e4tzte Lesezeit":"1\u00a0Minute"},"schema":{"@context":"https:\/\/schema.org","@graph":[{"@type":"WebPage","@id":"https:\/\/borntofly.com.pl\/de\/angebot\/individueller-kunde\/foerdermittel-fuer-den-unterricht\/","url":"https:\/\/borntofly.com.pl\/de\/angebot\/individueller-kunde\/foerdermittel-fuer-den-unterricht\/","name":"F\u00f6rdermittel f\u00fcr den Unterricht - Born to fly | Sprache &amp; Nachhilfe","isPartOf":{"@id":"https:\/\/borntofly.com.pl\/#website"},"primaryImageOfPage":{"@id":"https:\/\/borntofly.com.pl\/de\/angebot\/individueller-kunde\/foerdermittel-fuer-den-unterricht\/#primaryimage"},"image":{"@id":"https:\/\/borntofly.com.pl\/de\/angebot\/individueller-kunde\/foerdermittel-fuer-den-unterricht\/#primaryimage"},"thumbnailUrl":"https:\/\/borntofly.com.pl\/wp-content\/uploads\/2022\/04\/nauka-jezykow-1-scaled.jpeg","datePublished":"2022-06-13T08:53:55+00:00","dateModified":"2022-08-21T20:08:36+00:00","breadcrumb":{"@id":"https:\/\/borntofly.com.pl\/de\/angebot\/individueller-kunde\/foerdermittel-fuer-den-unterricht\/#breadcrumb"},"inLanguage":"de","potentialAction":[{"@type":"ReadAction","target":["https:\/\/borntofly.com.pl\/de\/angebot\/individueller-kunde\/foerdermittel-fuer-den-unterricht\/"]}]},{"@type":"ImageObject","inLanguage":"de","@id":"https:\/\/borntofly.com.pl\/de\/angebot\/individueller-kunde\/foerdermittel-fuer-den-unterricht\/#primaryimage","url":"https:\/\/borntofly.com.pl\/wp-content\/uploads\/2022\/04\/nauka-jezykow-1-scaled.jpeg","contentUrl":"https:\/\/borntofly.com.pl\/wp-content\/uploads\/2022\/04\/nauka-jezykow-1-scaled.jpeg","width":2560,"height":1707,"caption":"Young woman and man studying for a test or an exam. Tutor books with friends. Young students campus helps friend catching up and learning. People, learning, education and school concept."},{"@type":"BreadcrumbList","@id":"https:\/\/borntofly.com.pl\/de\/angebot\/individueller-kunde\/foerdermittel-fuer-den-unterricht\/#breadcrumb","itemListElement":[{"@type":"ListItem","position":1,"name":"Strona g\u0142\u00f3wna","item":"https:\/\/borntofly.com.pl\/"},{"@type":"ListItem","position":2,"name":"Angebot","item":"https:\/\/borntofly.com.pl\/oferta\/"},{"@type":"ListItem","position":3,"name":"Sprache &amp; Nachhilfe f\u00fcr Kinder","item":"https:\/\/borntofly.com.pl\/de\/angebot\/individueller-kunde\/"},{"@type":"ListItem","position":4,"name":"F\u00f6rdermittel f\u00fcr den Unterricht"}]},{"@type":"WebSite","@id":"https:\/\/borntofly.com.pl\/#website","url":"https:\/\/borntofly.com.pl\/","name":"Born to fly | Sprache &amp; Nachhilfe","description":"","publisher":{"@id":"https:\/\/borntofly.com.pl\/#organization"},"potentialAction":[{"@type":"SearchAction","target":{"@type":"EntryPoint","urlTemplate":"https:\/\/borntofly.com.pl\/?s={search_term_string}"},"query-input":{"@type":"PropertyValueSpecification","valueRequired":true,"valueName":"search_term_string"}}],"inLanguage":"de"},{"@type":"Organization","@id":"https:\/\/borntofly.com.pl\/#organization","name":"Born to fly | Sprache & Nachhilfe","url":"https:\/\/borntofly.com.pl\/","logo":{"@type":"ImageObject","inLanguage":"de","@id":"https:\/\/borntofly.com.pl\/#\/schema\/logo\/image\/","url":"https:\/\/borntofly.com.pl\/wp-content\/uploads\/2022\/04\/born-to-fly-logo-colour.png","contentUrl":"https:\/\/borntofly.com.pl\/wp-content\/uploads\/2022\/04\/born-to-fly-logo-colour.png","width":2336,"height":2125,"caption":"Born to fly | Sprache & Nachhilfe"},"image":{"@id":"https:\/\/borntofly.com.pl\/#\/schema\/logo\/image\/"},"sameAs":["https:\/\/www.facebook.com\/Born-to-Fly-114684724569435"]}]}},"_links":{"self":[{"href":"https:\/\/borntofly.com.pl\/de\/wp-json\/wp\/v2\/pages\/499","targetHints":{"allow":["GET"]}}],"collection":[{"href":"https:\/\/borntofly.com.pl\/de\/wp-json\/wp\/v2\/pages"}],"about":[{"href":"https:\/\/borntofly.com.pl\/de\/wp-json\/wp\/v2\/types\/page"}],"author":[{"embeddable":true,"href":"https:\/\/borntofly.com.pl\/de\/wp-json\/wp\/v2\/users\/1"}],"replies":[{"embeddable":true,"href":"https:\/\/borntofly.com.pl\/de\/wp-json\/wp\/v2\/comments?post=499"}],"version-history":[{"count":8,"href":"https:\/\/borntofly.com.pl\/de\/wp-json\/wp\/v2\/pages\/499\/revisions"}],"predecessor-version":[{"id":623,"href":"https:\/\/borntofly.com.pl\/de\/wp-json\/wp\/v2\/pages\/499\/revisions\/623"}],"up":[{"embeddable":true,"href":"https:\/\/borntofly.com.pl\/de\/wp-json\/wp\/v2\/pages\/503"}],"wp:featuredmedia":[{"embeddable":true,"href":"https:\/\/borntofly.com.pl\/de\/wp-json\/wp\/v2\/media\/465"}],"wp:attachment":[{"href":"https:\/\/borntofly.com.pl\/de\/wp-json\/wp\/v2\/media?parent=499"}],"curies":[{"name":"wp","href":"https:\/\/api.w.org\/{rel}","templated":true}]}}