{"id":509,"date":"2022-06-06T13:53:44","date_gmt":"2022-06-06T11:53:44","guid":{"rendered":"https:\/\/borntofly.com.pl\/blog\/"},"modified":"2022-08-16T15:46:47","modified_gmt":"2022-08-16T13:46:47","slug":"blog","status":"publish","type":"page","link":"https:\/\/borntofly.com.pl\/de\/blog\/","title":{"rendered":"Blog"},"content":{"rendered":"\t\t<div data-elementor-type=\"wp-page\" data-elementor-id=\"509\" class=\"elementor elementor-509 elementor-356\">\n\t\t\t\t\t\t\t\t\t<section class=\"elementor-section elementor-top-section elementor-element elementor-element-eba84ad elementor-section-boxed elementor-section-height-default elementor-section-height-default\" data-id=\"eba84ad\" data-element_type=\"section\">\n\t\t\t\t\t\t<div class=\"elementor-container elementor-column-gap-default\">\n\t\t\t\t\t<div class=\"elementor-column elementor-col-100 elementor-top-column elementor-element elementor-element-9d80d53\" data-id=\"9d80d53\" data-element_type=\"column\">\n\t\t\t<div class=\"elementor-widget-wrap elementor-element-populated\">\n\t\t\t\t\t\t\t\t<div class=\"elementor-element elementor-element-bdd6b99 elementor-widget elementor-widget-text-editor\" data-id=\"bdd6b99\" data-element_type=\"widget\" data-widget_type=\"text-editor.default\">\n\t\t\t\t<div class=\"elementor-widget-container\">\n\t\t\t<style>\/*! elementor - v3.7.8 - 02-10-2022 *\/\n.elementor-widget-text-editor.elementor-drop-cap-view-stacked .elementor-drop-cap{background-color:#818a91;color:#fff}.elementor-widget-text-editor.elementor-drop-cap-view-framed .elementor-drop-cap{color:#818a91;border:3px solid;background-color:transparent}.elementor-widget-text-editor:not(.elementor-drop-cap-view-default) .elementor-drop-cap{margin-top:8px}.elementor-widget-text-editor:not(.elementor-drop-cap-view-default) .elementor-drop-cap-letter{width:1em;height:1em}.elementor-widget-text-editor .elementor-drop-cap{float:left;text-align:center;line-height:1;font-size:50px}.elementor-widget-text-editor .elementor-drop-cap-letter{display:inline-block}<\/style>\t\t\t\tWie finde ich Sprachf\u00f6rderung f\u00fcr mein Kind nach dem Umzug?\r\n\r\nDer Umzug nach Deutschland ist f\u00fcr Familien, insbesondere f\u00fcr Schulkinder, eine gro\u00dfe Herausforderung, da sie das aktuelle Umfeld ver\u00e4ndern. Bei meiner Arbeit mit Sch\u00fclern und Gespr\u00e4chen mit Eltern sind mir die h\u00e4ufigsten Probleme und Herausforderungen aufgefallen, denen sich ein ausl\u00e4ndischer Sch\u00fcler in Deutschland stellen muss:\t\t\t\t\t\t<\/div>\n\t\t\t\t<\/div>\n\t\t\t\t<div class=\"elementor-element elementor-element-bed7813 elementor-icon-list--layout-traditional elementor-list-item-link-full_width elementor-widget elementor-widget-icon-list\" data-id=\"bed7813\" data-element_type=\"widget\" data-widget_type=\"icon-list.default\">\n\t\t\t\t<div class=\"elementor-widget-container\">\n\t\t\t<link rel=\"stylesheet\" href=\"https:\/\/borntofly.com.pl\/wp-content\/plugins\/elementor\/assets\/css\/widget-icon-list.min.css\">\t\t<ul class=\"elementor-icon-list-items\">\n\t\t\t\t\t\t\t<li class=\"elementor-icon-list-item\">\n\t\t\t\t\t\t\t\t\t\t\t<span class=\"elementor-icon-list-icon\">\n\t\t\t\t\t\t\t<i aria-hidden=\"true\" class=\"fas fa-check-circle\"><\/i>\t\t\t\t\t\t<\/span>\n\t\t\t\t\t\t\t\t\t\t<span class=\"elementor-icon-list-text\">Anpassung an unterschiedliche Bedingungen in einer deutschen Schule<\/span>\n\t\t\t\t\t\t\t\t\t<\/li>\n\t\t\t\t\t\t\t\t<li class=\"elementor-icon-list-item\">\n\t\t\t\t\t\t\t\t\t\t\t<span class=\"elementor-icon-list-icon\">\n\t\t\t\t\t\t\t<i aria-hidden=\"true\" class=\"fas fa-check-circle\"><\/i>\t\t\t\t\t\t<\/span>\n\t\t\t\t\t\t\t\t\t\t<span class=\"elementor-icon-list-text\">Hausaufgaben alleine machen<\/span>\n\t\t\t\t\t\t\t\t\t<\/li>\n\t\t\t\t\t\t\t\t<li class=\"elementor-icon-list-item\">\n\t\t\t\t\t\t\t\t\t\t\t<span class=\"elementor-icon-list-icon\">\n\t\t\t\t\t\t\t<i aria-hidden=\"true\" class=\"fas fa-check-circle\"><\/i>\t\t\t\t\t\t<\/span>\n\t\t\t\t\t\t\t\t\t\t<span class=\"elementor-icon-list-text\">sprachliche Selbst\u00e4ndigkeit erreichen<\/span>\n\t\t\t\t\t\t\t\t\t<\/li>\n\t\t\t\t\t\t\t\t<li class=\"elementor-icon-list-item\">\n\t\t\t\t\t\t\t\t\t\t\t<span class=\"elementor-icon-list-icon\">\n\t\t\t\t\t\t\t<i aria-hidden=\"true\" class=\"fas fa-check-circle\"><\/i>\t\t\t\t\t\t<\/span>\n\t\t\t\t\t\t\t\t\t\t<span class=\"elementor-icon-list-text\">Probleme in Schulf\u00e4chern verstehen<\/span>\n\t\t\t\t\t\t\t\t\t<\/li>\n\t\t\t\t\t\t\t\t<li class=\"elementor-icon-list-item\">\n\t\t\t\t\t\t\t\t\t\t\t<span class=\"elementor-icon-list-icon\">\n\t\t\t\t\t\t\t<i aria-hidden=\"true\" class=\"fas fa-check-circle\"><\/i>\t\t\t\t\t\t<\/span>\n\t\t\t\t\t\t\t\t\t\t<span class=\"elementor-icon-list-text\">erste wertvolle Bekanntschaften zu machen<\/span>\n\t\t\t\t\t\t\t\t\t<\/li>\n\t\t\t\t\t\t\t\t<li class=\"elementor-icon-list-item\">\n\t\t\t\t\t\t\t\t\t\t\t<span class=\"elementor-icon-list-icon\">\n\t\t\t\t\t\t\t<i aria-hidden=\"true\" class=\"fas fa-check-circle\"><\/i>\t\t\t\t\t\t<\/span>\n\t\t\t\t\t\t\t\t\t\t<span class=\"elementor-icon-list-text\">Kennenlernen des neuen Wohnortes und der deutschen Gepflogenheiten<\/span>\n\t\t\t\t\t\t\t\t\t<\/li>\n\t\t\t\t\t\t\t\t<li class=\"elementor-icon-list-item\">\n\t\t\t\t\t\t\t\t\t\t\t<span class=\"elementor-icon-list-icon\">\n\t\t\t\t\t\t\t<i aria-hidden=\"true\" class=\"fas fa-check-circle\"><\/i>\t\t\t\t\t\t<\/span>\n\t\t\t\t\t\t\t\t\t\t<span class=\"elementor-icon-list-text\">deutsche Grunds\u00e4tze des gesellschaftlichen Lebens verstehen und anwenden<\/span>\n\t\t\t\t\t\t\t\t\t<\/li>\n\t\t\t\t\t\t\t\t<li class=\"elementor-icon-list-item\">\n\t\t\t\t\t\t\t\t\t\t\t<span class=\"elementor-icon-list-icon\">\n\t\t\t\t\t\t\t<i aria-hidden=\"true\" class=\"fas fa-check-circle\"><\/i>\t\t\t\t\t\t<\/span>\n\t\t\t\t\t\t\t\t\t\t<span class=\"elementor-icon-list-text\">Konfrontation mit m\u00f6glichen Vorurteilen und anderen Problemen von Gleichaltrigen<\/span>\n\t\t\t\t\t\t\t\t\t<\/li>\n\t\t\t\t\t\t\t\t<li class=\"elementor-icon-list-item\">\n\t\t\t\t\t\t\t\t\t\t\t<span class=\"elementor-icon-list-icon\">\n\t\t\t\t\t\t\t<i aria-hidden=\"true\" class=\"fas fa-check-circle\"><\/i>\t\t\t\t\t\t<\/span>\n\t\t\t\t\t\t\t\t\t\t<span class=\"elementor-icon-list-text\">Verbesserung der schulischen und beruflichen Chancen<\/span>\n\t\t\t\t\t\t\t\t\t<\/li>\n\t\t\t\t\t\t\t\t<li class=\"elementor-icon-list-item\">\n\t\t\t\t\t\t\t\t\t\t\t<span class=\"elementor-icon-list-icon\">\n\t\t\t\t\t\t\t<i aria-hidden=\"true\" class=\"fas fa-check-circle\"><\/i>\t\t\t\t\t\t<\/span>\n\t\t\t\t\t\t\t\t\t\t<span class=\"elementor-icon-list-text\">die Kenntnis der Muttersprache zu f\u00f6rdern und zu erweitern<\/span>\n\t\t\t\t\t\t\t\t\t<\/li>\n\t\t\t\t\t\t<\/ul>\n\t\t\t\t<\/div>\n\t\t\t\t<\/div>\n\t\t\t\t<div class=\"elementor-element elementor-element-4469288 elementor-widget elementor-widget-image\" data-id=\"4469288\" data-element_type=\"widget\" data-widget_type=\"image.default\">\n\t\t\t\t<div class=\"elementor-widget-container\">\n\t\t\t<style>\/*! elementor - v3.7.8 - 02-10-2022 *\/\n.elementor-widget-image{text-align:center}.elementor-widget-image a{display:inline-block}.elementor-widget-image a img[src$=\".svg\"]{width:48px}.elementor-widget-image img{vertical-align:middle;display:inline-block}<\/style>\t\t\t\t\t\t\t\t\t\t\t\t<img loading=\"lazy\" decoding=\"async\" width=\"800\" height=\"516\" src=\"https:\/\/borntofly.com.pl\/wp-content\/uploads\/2022\/05\/adobestock-206024543-1024x661.jpeg\" class=\"attachment-large size-large\" alt=\"\" srcset=\"https:\/\/borntofly.com.pl\/wp-content\/uploads\/2022\/05\/adobestock-206024543-1024x661.jpeg 1024w, https:\/\/borntofly.com.pl\/wp-content\/uploads\/2022\/05\/adobestock-206024543-300x194.jpeg 300w, https:\/\/borntofly.com.pl\/wp-content\/uploads\/2022\/05\/adobestock-206024543-768x496.jpeg 768w, https:\/\/borntofly.com.pl\/wp-content\/uploads\/2022\/05\/adobestock-206024543-1536x992.jpeg 1536w, https:\/\/borntofly.com.pl\/wp-content\/uploads\/2022\/05\/adobestock-206024543-2048x1322.jpeg 2048w\" sizes=\"auto, (max-width: 800px) 100vw, 800px\" \/>\t\t\t\t\t\t\t\t\t\t\t\t\t\t\t<\/div>\n\t\t\t\t<\/div>\n\t\t\t\t<div class=\"elementor-element elementor-element-b649629 elementor-widget elementor-widget-spacer\" data-id=\"b649629\" data-element_type=\"widget\" data-widget_type=\"spacer.default\">\n\t\t\t\t<div class=\"elementor-widget-container\">\n\t\t\t<style>\/*! elementor - v3.7.8 - 02-10-2022 *\/\n.elementor-column .elementor-spacer-inner{height:var(--spacer-size)}.e-container{--container-widget-width:100%}.e-container>.elementor-widget-spacer{width:var(--container-widget-width,var(--spacer-size));-ms-flex-item-align:stretch;align-self:stretch;-ms-flex-negative:0;flex-shrink:0}.e-container>.elementor-widget-spacer>.elementor-widget-container,.e-container>.elementor-widget-spacer>.elementor-widget-container>.elementor-spacer{height:100%}.e-container>.elementor-widget-spacer>.elementor-widget-container>.elementor-spacer>.elementor-spacer-inner{height:var(--container-widget-height,var(--spacer-size))}<\/style>\t\t<div class=\"elementor-spacer\">\n\t\t\t<div class=\"elementor-spacer-inner\"><\/div>\n\t\t<\/div>\n\t\t\t\t<\/div>\n\t\t\t\t<\/div>\n\t\t\t\t\t<\/div>\n\t\t<\/div>\n\t\t\t\t\t\t\t<\/div>\n\t\t<\/section>\n\t\t\t\t\t\t\t<\/div>\n\t\t","protected":false},"excerpt":{"rendered":"<p>Wie finde ich Sprachf\u00f6rderung f\u00fcr mein Kind nach dem Umzug? Der Umzug nach Deutschland ist f\u00fcr Familien, insbesondere f\u00fcr Schulkinder, eine gro\u00dfe Herausforderung, da sie das aktuelle Umfeld ver\u00e4ndern. Bei meiner Arbeit mit Sch\u00fclern und Gespr\u00e4chen mit Eltern sind mir die h\u00e4ufigsten Probleme und Herausforderungen aufgefallen, denen sich ein ausl\u00e4ndischer Sch\u00fcler in Deutschland stellen muss: [&hellip;]<\/p>\n","protected":false},"author":1,"featured_media":465,"parent":0,"menu_order":0,"comment_status":"closed","ping_status":"closed","template":"","meta":{"inline_featured_image":false,"footnotes":""},"class_list":["post-509","page","type-page","status-publish","has-post-thumbnail","hentry"],"acf":[],"yoast_head":"<!-- This site is optimized with the Yoast SEO plugin v27.4 - https:\/\/yoast.com\/product\/yoast-seo-wordpress\/ -->\n<title>Blog - Born to fly | Sprache &amp; Nachhilfe<\/title>\n<meta name=\"robots\" content=\"index, follow, max-snippet:-1, max-image-preview:large, max-video-preview:-1\" \/>\n<link rel=\"canonical\" href=\"https:\/\/borntofly.com.pl\/blog\/\" \/>\n<meta property=\"og:locale\" content=\"de_DE\" \/>\n<meta property=\"og:type\" content=\"article\" \/>\n<meta property=\"og:title\" content=\"Blog - Born to fly | Sprache &amp; Nachhilfe\" \/>\n<meta property=\"og:description\" content=\"Wie finde ich Sprachf\u00f6rderung f\u00fcr mein Kind nach dem Umzug? Der Umzug nach Deutschland ist f\u00fcr Familien, insbesondere f\u00fcr Schulkinder, eine gro\u00dfe Herausforderung, da sie das aktuelle Umfeld ver\u00e4ndern. Bei meiner Arbeit mit Sch\u00fclern und Gespr\u00e4chen mit Eltern sind mir die h\u00e4ufigsten Probleme und Herausforderungen aufgefallen, denen sich ein ausl\u00e4ndischer Sch\u00fcler in Deutschland stellen muss: [&hellip;]\" \/>\n<meta property=\"og:url\" content=\"https:\/\/borntofly.com.pl\/blog\/\" \/>\n<meta property=\"og:site_name\" content=\"Born to fly | Sprache &amp; Nachhilfe\" \/>\n<meta property=\"article:publisher\" content=\"https:\/\/www.facebook.com\/Born-to-Fly-114684724569435\" \/>\n<meta property=\"article:modified_time\" content=\"2022-08-16T13:46:47+00:00\" \/>\n<meta property=\"og:image\" content=\"https:\/\/borntofly.com.pl\/wp-content\/uploads\/2022\/04\/nauka-jezykow-1-scaled.jpeg\" \/>\n\t<meta property=\"og:image:width\" content=\"2560\" \/>\n\t<meta property=\"og:image:height\" content=\"1707\" \/>\n\t<meta property=\"og:image:type\" content=\"image\/jpeg\" \/>\n<meta name=\"twitter:card\" content=\"summary_large_image\" \/>\n<meta name=\"twitter:label1\" content=\"Gesch\u00e4tzte Lesezeit\" \/>\n\t<meta name=\"twitter:data1\" content=\"1\u00a0Minute\" \/>\n<script type=\"application\/ld+json\" class=\"yoast-schema-graph\">{\"@context\":\"https:\\\/\\\/schema.org\",\"@graph\":[{\"@type\":\"WebPage\",\"@id\":\"https:\\\/\\\/borntofly.com.pl\\\/blog\\\/\",\"url\":\"https:\\\/\\\/borntofly.com.pl\\\/blog\\\/\",\"name\":\"Blog - Born to fly | Sprache &amp; Nachhilfe\",\"isPartOf\":{\"@id\":\"https:\\\/\\\/borntofly.com.pl\\\/#website\"},\"primaryImageOfPage\":{\"@id\":\"https:\\\/\\\/borntofly.com.pl\\\/blog\\\/#primaryimage\"},\"image\":{\"@id\":\"https:\\\/\\\/borntofly.com.pl\\\/blog\\\/#primaryimage\"},\"thumbnailUrl\":\"https:\\\/\\\/borntofly.com.pl\\\/wp-content\\\/uploads\\\/2022\\\/04\\\/nauka-jezykow-1-scaled.jpeg\",\"datePublished\":\"2022-06-06T11:53:44+00:00\",\"dateModified\":\"2022-08-16T13:46:47+00:00\",\"breadcrumb\":{\"@id\":\"https:\\\/\\\/borntofly.com.pl\\\/blog\\\/#breadcrumb\"},\"inLanguage\":\"de\",\"potentialAction\":[{\"@type\":\"ReadAction\",\"target\":[\"https:\\\/\\\/borntofly.com.pl\\\/blog\\\/\"]}]},{\"@type\":\"ImageObject\",\"inLanguage\":\"de\",\"@id\":\"https:\\\/\\\/borntofly.com.pl\\\/blog\\\/#primaryimage\",\"url\":\"https:\\\/\\\/borntofly.com.pl\\\/wp-content\\\/uploads\\\/2022\\\/04\\\/nauka-jezykow-1-scaled.jpeg\",\"contentUrl\":\"https:\\\/\\\/borntofly.com.pl\\\/wp-content\\\/uploads\\\/2022\\\/04\\\/nauka-jezykow-1-scaled.jpeg\",\"width\":2560,\"height\":1707,\"caption\":\"Young woman and man studying for a test or an exam. Tutor books with friends. Young students campus helps friend catching up and learning. People, learning, education and school concept.\"},{\"@type\":\"BreadcrumbList\",\"@id\":\"https:\\\/\\\/borntofly.com.pl\\\/blog\\\/#breadcrumb\",\"itemListElement\":[{\"@type\":\"ListItem\",\"position\":1,\"name\":\"Strona g\u0142\u00f3wna\",\"item\":\"https:\\\/\\\/borntofly.com.pl\\\/\"},{\"@type\":\"ListItem\",\"position\":2,\"name\":\"Blog\"}]},{\"@type\":\"WebSite\",\"@id\":\"https:\\\/\\\/borntofly.com.pl\\\/#website\",\"url\":\"https:\\\/\\\/borntofly.com.pl\\\/\",\"name\":\"Born to fly | Sprache &amp; Nachhilfe\",\"description\":\"\",\"publisher\":{\"@id\":\"https:\\\/\\\/borntofly.com.pl\\\/#organization\"},\"potentialAction\":[{\"@type\":\"SearchAction\",\"target\":{\"@type\":\"EntryPoint\",\"urlTemplate\":\"https:\\\/\\\/borntofly.com.pl\\\/?s={search_term_string}\"},\"query-input\":{\"@type\":\"PropertyValueSpecification\",\"valueRequired\":true,\"valueName\":\"search_term_string\"}}],\"inLanguage\":\"de\"},{\"@type\":\"Organization\",\"@id\":\"https:\\\/\\\/borntofly.com.pl\\\/#organization\",\"name\":\"Born to fly | Sprache & Nachhilfe\",\"url\":\"https:\\\/\\\/borntofly.com.pl\\\/\",\"logo\":{\"@type\":\"ImageObject\",\"inLanguage\":\"de\",\"@id\":\"https:\\\/\\\/borntofly.com.pl\\\/#\\\/schema\\\/logo\\\/image\\\/\",\"url\":\"https:\\\/\\\/borntofly.com.pl\\\/wp-content\\\/uploads\\\/2022\\\/04\\\/born-to-fly-logo-colour.png\",\"contentUrl\":\"https:\\\/\\\/borntofly.com.pl\\\/wp-content\\\/uploads\\\/2022\\\/04\\\/born-to-fly-logo-colour.png\",\"width\":2336,\"height\":2125,\"caption\":\"Born to fly | Sprache & Nachhilfe\"},\"image\":{\"@id\":\"https:\\\/\\\/borntofly.com.pl\\\/#\\\/schema\\\/logo\\\/image\\\/\"},\"sameAs\":[\"https:\\\/\\\/www.facebook.com\\\/Born-to-Fly-114684724569435\"]}]}<\/script>\n<!-- \/ Yoast SEO plugin. -->","yoast_head_json":{"title":"Blog - Born to fly | Sprache &amp; Nachhilfe","robots":{"index":"index","follow":"follow","max-snippet":"max-snippet:-1","max-image-preview":"max-image-preview:large","max-video-preview":"max-video-preview:-1"},"canonical":"https:\/\/borntofly.com.pl\/blog\/","og_locale":"de_DE","og_type":"article","og_title":"Blog - Born to fly | Sprache &amp; Nachhilfe","og_description":"Wie finde ich Sprachf\u00f6rderung f\u00fcr mein Kind nach dem Umzug? Der Umzug nach Deutschland ist f\u00fcr Familien, insbesondere f\u00fcr Schulkinder, eine gro\u00dfe Herausforderung, da sie das aktuelle Umfeld ver\u00e4ndern. Bei meiner Arbeit mit Sch\u00fclern und Gespr\u00e4chen mit Eltern sind mir die h\u00e4ufigsten Probleme und Herausforderungen aufgefallen, denen sich ein ausl\u00e4ndischer Sch\u00fcler in Deutschland stellen muss: [&hellip;]","og_url":"https:\/\/borntofly.com.pl\/blog\/","og_site_name":"Born to fly | Sprache &amp; Nachhilfe","article_publisher":"https:\/\/www.facebook.com\/Born-to-Fly-114684724569435","article_modified_time":"2022-08-16T13:46:47+00:00","og_image":[{"width":2560,"height":1707,"url":"https:\/\/borntofly.com.pl\/wp-content\/uploads\/2022\/04\/nauka-jezykow-1-scaled.jpeg","type":"image\/jpeg"}],"twitter_card":"summary_large_image","twitter_misc":{"Gesch\u00e4tzte Lesezeit":"1\u00a0Minute"},"schema":{"@context":"https:\/\/schema.org","@graph":[{"@type":"WebPage","@id":"https:\/\/borntofly.com.pl\/blog\/","url":"https:\/\/borntofly.com.pl\/blog\/","name":"Blog - Born to fly | Sprache &amp; Nachhilfe","isPartOf":{"@id":"https:\/\/borntofly.com.pl\/#website"},"primaryImageOfPage":{"@id":"https:\/\/borntofly.com.pl\/blog\/#primaryimage"},"image":{"@id":"https:\/\/borntofly.com.pl\/blog\/#primaryimage"},"thumbnailUrl":"https:\/\/borntofly.com.pl\/wp-content\/uploads\/2022\/04\/nauka-jezykow-1-scaled.jpeg","datePublished":"2022-06-06T11:53:44+00:00","dateModified":"2022-08-16T13:46:47+00:00","breadcrumb":{"@id":"https:\/\/borntofly.com.pl\/blog\/#breadcrumb"},"inLanguage":"de","potentialAction":[{"@type":"ReadAction","target":["https:\/\/borntofly.com.pl\/blog\/"]}]},{"@type":"ImageObject","inLanguage":"de","@id":"https:\/\/borntofly.com.pl\/blog\/#primaryimage","url":"https:\/\/borntofly.com.pl\/wp-content\/uploads\/2022\/04\/nauka-jezykow-1-scaled.jpeg","contentUrl":"https:\/\/borntofly.com.pl\/wp-content\/uploads\/2022\/04\/nauka-jezykow-1-scaled.jpeg","width":2560,"height":1707,"caption":"Young woman and man studying for a test or an exam. Tutor books with friends. Young students campus helps friend catching up and learning. People, learning, education and school concept."},{"@type":"BreadcrumbList","@id":"https:\/\/borntofly.com.pl\/blog\/#breadcrumb","itemListElement":[{"@type":"ListItem","position":1,"name":"Strona g\u0142\u00f3wna","item":"https:\/\/borntofly.com.pl\/"},{"@type":"ListItem","position":2,"name":"Blog"}]},{"@type":"WebSite","@id":"https:\/\/borntofly.com.pl\/#website","url":"https:\/\/borntofly.com.pl\/","name":"Born to fly | Sprache &amp; Nachhilfe","description":"","publisher":{"@id":"https:\/\/borntofly.com.pl\/#organization"},"potentialAction":[{"@type":"SearchAction","target":{"@type":"EntryPoint","urlTemplate":"https:\/\/borntofly.com.pl\/?s={search_term_string}"},"query-input":{"@type":"PropertyValueSpecification","valueRequired":true,"valueName":"search_term_string"}}],"inLanguage":"de"},{"@type":"Organization","@id":"https:\/\/borntofly.com.pl\/#organization","name":"Born to fly | Sprache & Nachhilfe","url":"https:\/\/borntofly.com.pl\/","logo":{"@type":"ImageObject","inLanguage":"de","@id":"https:\/\/borntofly.com.pl\/#\/schema\/logo\/image\/","url":"https:\/\/borntofly.com.pl\/wp-content\/uploads\/2022\/04\/born-to-fly-logo-colour.png","contentUrl":"https:\/\/borntofly.com.pl\/wp-content\/uploads\/2022\/04\/born-to-fly-logo-colour.png","width":2336,"height":2125,"caption":"Born to fly | Sprache & Nachhilfe"},"image":{"@id":"https:\/\/borntofly.com.pl\/#\/schema\/logo\/image\/"},"sameAs":["https:\/\/www.facebook.com\/Born-to-Fly-114684724569435"]}]}},"_links":{"self":[{"href":"https:\/\/borntofly.com.pl\/de\/wp-json\/wp\/v2\/pages\/509","targetHints":{"allow":["GET"]}}],"collection":[{"href":"https:\/\/borntofly.com.pl\/de\/wp-json\/wp\/v2\/pages"}],"about":[{"href":"https:\/\/borntofly.com.pl\/de\/wp-json\/wp\/v2\/types\/page"}],"author":[{"embeddable":true,"href":"https:\/\/borntofly.com.pl\/de\/wp-json\/wp\/v2\/users\/1"}],"replies":[{"embeddable":true,"href":"https:\/\/borntofly.com.pl\/de\/wp-json\/wp\/v2\/comments?post=509"}],"version-history":[{"count":1,"href":"https:\/\/borntofly.com.pl\/de\/wp-json\/wp\/v2\/pages\/509\/revisions"}],"predecessor-version":[{"id":510,"href":"https:\/\/borntofly.com.pl\/de\/wp-json\/wp\/v2\/pages\/509\/revisions\/510"}],"wp:featuredmedia":[{"embeddable":true,"href":"https:\/\/borntofly.com.pl\/de\/wp-json\/wp\/v2\/media\/465"}],"wp:attachment":[{"href":"https:\/\/borntofly.com.pl\/de\/wp-json\/wp\/v2\/media?parent=509"}],"curies":[{"name":"wp","href":"https:\/\/api.w.org\/{rel}","templated":true}]}}